{"id":82,"date":"2023-02-03T20:55:10","date_gmt":"2021-02-03T17:55:10","guid":{"rendered":"https:\/\/safirdemo.com\/atolye\/hakkimizda\/"},"modified":"2025-08-09T14:10:30","modified_gmt":"2025-08-09T11:10:30","slug":"hakkimizda","status":"publish","type":"page","link":"https:\/\/www.lotusfuarcilik.com\/en\/hakkimizda\/","title":{"rendered":"About Us"},"content":{"rendered":"<figure class=\"wp-block-image size-full\"><img loading=\"lazy\" decoding=\"async\" width=\"1024\" height=\"1024\" src=\"http:\/\/www.lotusfuarcilik.com\/wp-content\/uploads\/2025\/05\/cd68cec0-1875-4d27-b80b-878834786b47-1024x1024-2.jpg\" alt=\"\" class=\"wp-image-582\" srcset=\"https:\/\/www.lotusfuarcilik.com\/wp-content\/uploads\/2025\/05\/cd68cec0-1875-4d27-b80b-878834786b47-1024x1024-2.jpg 1024w, https:\/\/www.lotusfuarcilik.com\/wp-content\/uploads\/2025\/05\/cd68cec0-1875-4d27-b80b-878834786b47-1024x1024-2-300x300.jpg 300w, https:\/\/www.lotusfuarcilik.com\/wp-content\/uploads\/2025\/05\/cd68cec0-1875-4d27-b80b-878834786b47-1024x1024-2-150x150.jpg 150w, https:\/\/www.lotusfuarcilik.com\/wp-content\/uploads\/2025\/05\/cd68cec0-1875-4d27-b80b-878834786b47-1024x1024-2-768x768.jpg 768w\" sizes=\"auto, (max-width: 1024px) 100vw, 1024px\" \/><\/figure>\n\n\n\n<p><\/p>\n\n\n<div style=\"color:var(--headColor);\" class=\"wp-block-safirtema-mainheading singleHeading mainHeading wp-block-safirtema-mainheading has-text-color\">\n\t<div class=\"singleHeading\">\n\t\t<div class=\"inner\">\n\t\t\t<span class=\"safiricon icon\"><svg class=\"safiricon-kurumsal\"><use href=\"#safiricon-kurumsal\"><\/use><\/svg><\/span>\t\t\t<h2 class=\"text\">LOTUS FAIRS<\/h2>\n\t\t<\/div>\n\t<\/div>\n<\/div>\n\n\n<p>Lotus Fair Organization is a corporate organization company specializing in exhibition and event management, with over 20 years of industry experience. With our team of experienced professionals in their respective fields, we have successfully undertaken numerous exhibition projects both locally and internationally.<br>M\u00fc\u015fteri memnuniyetini her zaman \u00f6ncelik olarak g\u00f6ren hizmet anlay\u0131\u015f\u0131m\u0131zla, yaln\u0131zca bir organizasyon firmas\u0131 de\u011fil, \u00e7\u00f6z\u00fcm orta\u011f\u0131n\u0131z olarak yan\u0131n\u0131zda yer al\u0131yoruz.<\/p>\n\n\n\n<p>We manage all processes such as pre-fair consultancy, creative booth designs, logistics planning, promotional support, and after-sales service with a holistic approach; we view each project as a strategic step in your brand's growth journey.<br>Thanks to our dynamic structure that closely follows technology, we quickly adapt to changing sectoral needs and produce innovative and effective solutions.<\/p>\n\n\n\n<p>As Lotus Fuarc\u0131l\u0131k, our goal is to provide our business partners not just a participation area, but a professional fair experience where they can best reflect their brands, effectively communicate with their target audiences, and develop sustainable business relationships.<br>Kalite, g\u00fcven, \u015feffafl\u0131k ve s\u00fcrd\u00fcr\u00fclebilirlik ilkeleriyle \u00e7\u0131kt\u0131\u011f\u0131m\u0131z bu yolda, her organizasyonda fark yaratan i\u015flere imza atmaya devam ediyoruz.<\/p>\n\n\n<div style=\"color:var(--headColor);\" class=\"wp-block-safirtema-mainheading singleHeading mainHeading wp-block-safirtema-mainheading has-text-color\">\n\t<div class=\"singleHeading\">\n\t\t<div class=\"inner\">\n\t\t\t<span class=\"safiricon icon\"><svg class=\"safiricon-destek\"><use href=\"#safiricon-destek\"><\/use><\/svg><\/span>\t\t\t<div class=\"text\">Your Solution Partner<\/div>\n\t\t<\/div>\n\t<\/div>\n<\/div>\n\n\n<div class=\"safir-list\" data-col=\"1\"><ul class=\"wp-block-list\">\n<li><strong>Strategic Planning Support<\/strong><\/li>\n\n\n\n<li><strong>Service from One End to Another<\/strong><\/li>\n\n\n\n<li><strong>Fast and Effective Communication<\/strong><\/li>\n\n\n\n<li><strong>Long-Term Cooperation<\/strong><\/li>\n<\/ul><\/div>\n\n\n<div style=\"color:var(--headColor);\" class=\"wp-block-safirtema-mainheading singleHeading mainHeading wp-block-safirtema-mainheading has-text-color\">\n\t<div class=\"singleHeading\">\n\t\t<div class=\"inner\">\n\t\t\t<span class=\"safiricon icon\"><svg class=\"safiricon-soru\"><use href=\"#safiricon-soru\"><\/use><\/svg><\/span>\t\t\t<div class=\"text\">Your Curiosities<\/div>\n\t\t<\/div>\n\t<\/div>\n<\/div>\n\n<div class=\"safir-faq wp-block-safirtema-sorucevap\">\n\t<div class=\"question\">\n\t\t<div class=\"openclose\">\n\t\t\t<span class=\"themeicon icon\"><svg class=\"themeicon-plus\"><use href=\"#safiricon-tema--plus\"><\/use><\/svg><\/span><span class=\"themeicon icon\"><svg class=\"themeicon-minus\"><use href=\"#safiricon-tema--minus\"><\/use><\/svg><\/span>\t\t<\/div>\n\t\t<span class=\"text\">How Does the Participation Process for Fairs Work?<\/span>\n\t<\/div>\n\t<p class=\"answer\">Buraya cevab\u0131n\u0131z\u0131 yaz\u0131n\u0131z.<\/p>\n<\/div>\n\n<div class=\"safir-faq wp-block-safirtema-sorucevap\">\n\t<div class=\"question\">\n\t\t<div class=\"openclose\">\n\t\t\t<span class=\"themeicon icon\"><svg class=\"themeicon-plus\"><use href=\"#safiricon-tema--plus\"><\/use><\/svg><\/span><span class=\"themeicon icon\"><svg class=\"themeicon-minus\"><use href=\"#safiricon-tema--minus\"><\/use><\/svg><\/span>\t\t<\/div>\n\t\t<span class=\"text\">Is the Stand Design and Implementation Yours?<\/span>\n\t<\/div>\n\t<p class=\"answer\">Buraya cevab\u0131n\u0131z\u0131 yaz\u0131n\u0131z.<\/p>\n<\/div>\n\n<div class=\"descriptionbox wp-block-safirtema-bgtext\">\n\t<div class=\"descriptionbox\" style=\"background-image: url(http:\/\/www.lotusfuarcilik.com\/wp-content\/uploads\/2022\/11\/slider1.jpg)\">\n\t\t<div class=\"inner\">\n\t\t\t<span class=\"safiricon icon\"><svg class=\"safiricon-tac\"><use href=\"#safiricon-tac\"><\/use><\/svg><\/span>\t\t\t<div class=\"detail\">\n\t\t\t\t<div class=\"header\">LOTUS FAIRS<\/div>\n\t\t\t\t\t\t\t\t\t<div class=\"content\">\n<p class=\"wp-block-safirtema-bgtext content descriptionbox\">MAKES A DIFFERENCE...<\/p>\n<\/div>\n\t\t\t\t\t\t\t<\/div>\n\t\t<\/div>\n\t<\/div>\n<\/div>\n\n\n\n<p><\/p>\n\n\n\n<div class=\"wp-block-columns is-layout-flex wp-container-core-columns-is-layout-9d6595d7 wp-block-columns-is-layout-flex\">\n<div class=\"wp-block-column is-layout-flow wp-block-column-is-layout-flow\"><div style=\"color:var(--headColor);\" class=\"wp-block-safirtema-mainheading singleHeading mainHeading wp-block-safirtema-mainheading has-text-color\">\n\t<div class=\"singleHeading\">\n\t\t<div class=\"inner\">\n\t\t\t<span class=\"safiricon icon\"><svg class=\"safiricon-lamba\"><use href=\"#safiricon-lamba\"><\/use><\/svg><\/span>\t\t\t<div class=\"text\">Our Mission<\/div>\n\t\t<\/div>\n\t<\/div>\n<\/div>\n\n\n<p>As Lotus Fuarc\u0131l\u0131k, we experience success not only on the last day of the fair, but in all the steps that make that success possible. Helping our clients achieve their goals is our greatest motivation. With this understanding, we continue to leave a lasting mark in the industry and grow together.<\/p>\n<\/div>\n\n\n\n<div class=\"wp-block-column is-layout-flow wp-block-column-is-layout-flow\"><div style=\"color:var(--headColor);\" class=\"wp-block-safirtema-mainheading singleHeading mainHeading wp-block-safirtema-mainheading has-text-color\">\n\t<div class=\"singleHeading\">\n\t\t<div class=\"inner\">\n\t\t\t<span class=\"safiricon icon\"><svg class=\"safiricon-dunya\"><use href=\"#safiricon-dunya\"><\/use><\/svg><\/span>\t\t\t<div class=\"text\">Our Vision<\/div>\n\t\t<\/div>\n\t<\/div>\n<\/div>\n\n\n<p>At the center of our vision are transparency, trust, quality, and continuous improvement. To stay one step ahead, we closely follow industry trends and provide our partners with a competitive advantage through innovative solutions.<\/p>\n<\/div>\n<\/div>\n\n\n<div style=\"color:var(--headColor);\" class=\"wp-block-safirtema-mainheading has-text-color\">\n\t<div class=\"singleHeading\">\n\t\t<div class=\"inner\">\n\t\t\t<span class=\"safiricon icon\"><svg class=\"safiricon-paylas\"><use href=\"#safiricon-paylas\"><\/use><\/svg><\/span>\t\t\t<div class=\"text\">Our Social Media Accounts<\/div>\n\t\t<\/div>\n\t<\/div>\n<\/div>\n\n\t\t<ul class=\"safirSocial\">\n\t\t\t<li class=\"facebook\"><a rel=\"external\" href=\"#\" title=\"Follow us on Facebook\"><span class=\"themeicon icon\"><svg class=\"themeicon-facebook\"><use href=\"#safiricon-tema--facebook\"><\/use><\/svg><\/span><\/a><\/li><li class=\"twitter\"><a rel=\"external\" href=\"#\" title=\"Follow us on Twitter\"><span class=\"themeicon icon\"><svg class=\"themeicon-twitter\"><use href=\"#safiricon-tema--twitter\"><\/use><\/svg><\/span><\/a><\/li><li class=\"instagram\"><a rel=\"external\" href=\"#\" title=\"Follow us on Instagram\"><span class=\"themeicon icon\"><svg class=\"themeicon-instagram\"><use href=\"#safiricon-tema--instagram\"><\/use><\/svg><\/span><\/a><\/li><li class=\"linkedin\"><a rel=\"external\" href=\"#\" title=\"Follow us on Linkedin\"><span class=\"themeicon icon\"><svg class=\"themeicon-linkedin\"><use href=\"#safiricon-tema--linkedin\"><\/use><\/svg><\/span><\/a><\/li><li class=\"youtube\"><a rel=\"external\" href=\"#\" title=\"Follow us on Youtube\"><span class=\"themeicon icon\"><svg class=\"themeicon-youtube\"><use href=\"#safiricon-tema--youtube\"><\/use><\/svg><\/span><\/a><\/li><li class=\"pinterest\"><a rel=\"external\" href=\"#\" title=\"Follow us on Pinterest\"><span class=\"themeicon icon\"><svg class=\"themeicon-pinterest\"><use href=\"#safiricon-tema--pinterest\"><\/use><\/svg><\/span><\/a><\/li><li class=\"whatsapp\"><a rel=\"external\" href=\"#\" title=\"Follow us on Whatsapp\"><span class=\"themeicon icon\"><svg class=\"themeicon-whatsapp\"><use href=\"#safiricon-tema--whatsapp\"><\/use><\/svg><\/span><\/a><\/li>\t\t<\/ul>","protected":false},"excerpt":{"rendered":"<p>Lotus Fuarc\u0131l\u0131k, 20 y\u0131l\u0131 a\u015fk\u0131n sekt\u00f6r tecr\u00fcbesiyle fuar ve etkinlik y\u00f6netimi alan\u0131nda uzmanla\u015fm\u0131\u015f, kurumsal bir organizasyon firmas\u0131d\u0131r. Her biri alan\u0131nda deneyimli profesyonellerden olu\u015fan ekibimizle, yerel ve uluslararas\u0131 d\u00fczeyde bir\u00e7ok ba\u015far\u0131l\u0131 fuar projesine imza att\u0131k.M\u00fc\u015fteri memnuniyetini her zaman \u00f6ncelik olarak g\u00f6ren hizmet anlay\u0131\u015f\u0131m\u0131zla, yaln\u0131zca bir organizasyon firmas\u0131 de\u011fil, \u00e7\u00f6z\u00fcm orta\u011f\u0131n\u0131z olarak yan\u0131n\u0131zda yer al\u0131yoruz. Fuar \u00f6ncesi [&hellip;]<\/p>\n","protected":false},"author":1,"featured_media":0,"parent":0,"menu_order":0,"comment_status":"closed","ping_status":"closed","template":"","meta":{"footnotes":""},"class_list":["post-82","page","type-page","status-publish","hentry"],"yoast_head":"<!-- This site is optimized with the Yoast SEO plugin v27.2 - https:\/\/yoast.com\/product\/yoast-seo-wordpress\/ -->\n<title>Hakk\u0131m\u0131zda - Lotus Fuarc\u0131l\u0131k<\/title>\n<meta name=\"robots\" content=\"index, follow, max-snippet:-1, max-image-preview:large, max-video-preview:-1\" \/>\n<link rel=\"canonical\" href=\"https:\/\/www.lotusfuarcilik.com\/en\/hakkimizda\/\" \/>\n<meta property=\"og:locale\" content=\"en_US\" \/>\n<meta property=\"og:type\" content=\"article\" \/>\n<meta property=\"og:title\" content=\"Hakk\u0131m\u0131zda - Lotus Fuarc\u0131l\u0131k\" \/>\n<meta property=\"og:description\" content=\"Lotus Fuarc\u0131l\u0131k, 20 y\u0131l\u0131 a\u015fk\u0131n sekt\u00f6r tecr\u00fcbesiyle fuar ve etkinlik y\u00f6netimi alan\u0131nda uzmanla\u015fm\u0131\u015f, kurumsal bir organizasyon firmas\u0131d\u0131r. Her biri alan\u0131nda deneyimli profesyonellerden olu\u015fan ekibimizle, yerel ve uluslararas\u0131 d\u00fczeyde bir\u00e7ok ba\u015far\u0131l\u0131 fuar projesine imza att\u0131k.M\u00fc\u015fteri memnuniyetini her zaman \u00f6ncelik olarak g\u00f6ren hizmet anlay\u0131\u015f\u0131m\u0131zla, yaln\u0131zca bir organizasyon firmas\u0131 de\u011fil, \u00e7\u00f6z\u00fcm orta\u011f\u0131n\u0131z olarak yan\u0131n\u0131zda yer al\u0131yoruz. Fuar \u00f6ncesi [&hellip;]\" \/>\n<meta property=\"og:url\" content=\"https:\/\/www.lotusfuarcilik.com\/en\/hakkimizda\/\" \/>\n<meta property=\"og:site_name\" content=\"Lotus Fuarc\u0131l\u0131k\" \/>\n<meta property=\"article:publisher\" content=\"https:\/\/www.instagram.com\/lotusexpo\/\" \/>\n<meta property=\"article:modified_time\" content=\"2025-08-09T11:10:30+00:00\" \/>\n<meta property=\"og:image\" content=\"https:\/\/www.lotusfuarcilik.com\/wp-content\/uploads\/2025\/05\/cd68cec0-1875-4d27-b80b-878834786b47-1024x1024-2.jpg\" \/>\n\t<meta property=\"og:image:width\" content=\"1024\" \/>\n\t<meta property=\"og:image:height\" content=\"1024\" \/>\n\t<meta property=\"og:image:type\" content=\"image\/jpeg\" \/>\n<meta name=\"twitter:card\" content=\"summary_large_image\" \/>\n<meta name=\"twitter:label1\" content=\"Est. reading time\" \/>\n\t<meta name=\"twitter:data1\" content=\"3 minutes\" \/>\n<script type=\"application\/ld+json\" class=\"yoast-schema-graph\">{\"@context\":\"https:\/\/schema.org\",\"@graph\":[{\"@type\":\"WebPage\",\"@id\":\"https:\/\/www.lotusfuarcilik.com\/hakkimizda\/\",\"url\":\"https:\/\/www.lotusfuarcilik.com\/hakkimizda\/\",\"name\":\"Hakk\u0131m\u0131zda - Lotus Fuarc\u0131l\u0131k\",\"isPartOf\":{\"@id\":\"https:\/\/www.lotusfuarcilik.com\/#website\"},\"primaryImageOfPage\":{\"@id\":\"https:\/\/www.lotusfuarcilik.com\/hakkimizda\/#primaryimage\"},\"image\":{\"@id\":\"https:\/\/www.lotusfuarcilik.com\/hakkimizda\/#primaryimage\"},\"thumbnailUrl\":\"http:\/\/www.lotusfuarcilik.com\/wp-content\/uploads\/2025\/05\/cd68cec0-1875-4d27-b80b-878834786b47-1024x1024-2.jpg\",\"datePublished\":\"2021-02-03T17:55:10+00:00\",\"dateModified\":\"2025-08-09T11:10:30+00:00\",\"breadcrumb\":{\"@id\":\"https:\/\/www.lotusfuarcilik.com\/hakkimizda\/#breadcrumb\"},\"inLanguage\":\"en-US\",\"potentialAction\":[{\"@type\":\"ReadAction\",\"target\":[\"https:\/\/www.lotusfuarcilik.com\/hakkimizda\/\"]}]},{\"@type\":\"ImageObject\",\"inLanguage\":\"en-US\",\"@id\":\"https:\/\/www.lotusfuarcilik.com\/hakkimizda\/#primaryimage\",\"url\":\"http:\/\/www.lotusfuarcilik.com\/wp-content\/uploads\/2025\/05\/cd68cec0-1875-4d27-b80b-878834786b47-1024x1024-2.jpg\",\"contentUrl\":\"http:\/\/www.lotusfuarcilik.com\/wp-content\/uploads\/2025\/05\/cd68cec0-1875-4d27-b80b-878834786b47-1024x1024-2.jpg\"},{\"@type\":\"BreadcrumbList\",\"@id\":\"https:\/\/www.lotusfuarcilik.com\/hakkimizda\/#breadcrumb\",\"itemListElement\":[{\"@type\":\"ListItem\",\"position\":1,\"name\":\"Anasayfa\",\"item\":\"https:\/\/www.lotusfuarcilik.com\/\"},{\"@type\":\"ListItem\",\"position\":2,\"name\":\"Hakk\u0131m\u0131zda\"}]},{\"@type\":\"WebSite\",\"@id\":\"https:\/\/www.lotusfuarcilik.com\/#website\",\"url\":\"https:\/\/www.lotusfuarcilik.com\/\",\"name\":\"Lotus Fuarc\u0131l\u0131k\",\"description\":\"Fuar Hizmetleri\",\"publisher\":{\"@id\":\"https:\/\/www.lotusfuarcilik.com\/#organization\"},\"potentialAction\":[{\"@type\":\"SearchAction\",\"target\":{\"@type\":\"EntryPoint\",\"urlTemplate\":\"https:\/\/www.lotusfuarcilik.com\/?s={search_term_string}\"},\"query-input\":{\"@type\":\"PropertyValueSpecification\",\"valueRequired\":true,\"valueName\":\"search_term_string\"}}],\"inLanguage\":\"en-US\"},{\"@type\":\"Organization\",\"@id\":\"https:\/\/www.lotusfuarcilik.com\/#organization\",\"name\":\"Lotus Fuarc\u0131l\u0131k\",\"url\":\"https:\/\/www.lotusfuarcilik.com\/\",\"logo\":{\"@type\":\"ImageObject\",\"inLanguage\":\"en-US\",\"@id\":\"https:\/\/www.lotusfuarcilik.com\/#\/schema\/logo\/image\/\",\"url\":\"https:\/\/www.lotusfuarcilik.com\/wp-content\/uploads\/2025\/05\/cd68cec0-1875-4d27-b80b-878834786b47-1024x1024-1.jpg\",\"contentUrl\":\"https:\/\/www.lotusfuarcilik.com\/wp-content\/uploads\/2025\/05\/cd68cec0-1875-4d27-b80b-878834786b47-1024x1024-1.jpg\",\"width\":1024,\"height\":1024,\"caption\":\"Lotus Fuarc\u0131l\u0131k\"},\"image\":{\"@id\":\"https:\/\/www.lotusfuarcilik.com\/#\/schema\/logo\/image\/\"},\"sameAs\":[\"https:\/\/www.instagram.com\/lotusexpo\/\"]}]}<\/script>\n<!-- \/ Yoast SEO plugin. -->","yoast_head_json":{"title":"Hakk\u0131m\u0131zda - Lotus Fuarc\u0131l\u0131k","robots":{"index":"index","follow":"follow","max-snippet":"max-snippet:-1","max-image-preview":"max-image-preview:large","max-video-preview":"max-video-preview:-1"},"canonical":"https:\/\/www.lotusfuarcilik.com\/en\/hakkimizda\/","og_locale":"en_US","og_type":"article","og_title":"Hakk\u0131m\u0131zda - Lotus Fuarc\u0131l\u0131k","og_description":"Lotus Fuarc\u0131l\u0131k, 20 y\u0131l\u0131 a\u015fk\u0131n sekt\u00f6r tecr\u00fcbesiyle fuar ve etkinlik y\u00f6netimi alan\u0131nda uzmanla\u015fm\u0131\u015f, kurumsal bir organizasyon firmas\u0131d\u0131r. Her biri alan\u0131nda deneyimli profesyonellerden olu\u015fan ekibimizle, yerel ve uluslararas\u0131 d\u00fczeyde bir\u00e7ok ba\u015far\u0131l\u0131 fuar projesine imza att\u0131k.M\u00fc\u015fteri memnuniyetini her zaman \u00f6ncelik olarak g\u00f6ren hizmet anlay\u0131\u015f\u0131m\u0131zla, yaln\u0131zca bir organizasyon firmas\u0131 de\u011fil, \u00e7\u00f6z\u00fcm orta\u011f\u0131n\u0131z olarak yan\u0131n\u0131zda yer al\u0131yoruz. Fuar \u00f6ncesi [&hellip;]","og_url":"https:\/\/www.lotusfuarcilik.com\/en\/hakkimizda\/","og_site_name":"Lotus Fuarc\u0131l\u0131k","article_publisher":"https:\/\/www.instagram.com\/lotusexpo\/","article_modified_time":"2025-08-09T11:10:30+00:00","og_image":[{"width":1024,"height":1024,"url":"https:\/\/www.lotusfuarcilik.com\/wp-content\/uploads\/2025\/05\/cd68cec0-1875-4d27-b80b-878834786b47-1024x1024-2.jpg","type":"image\/jpeg"}],"twitter_card":"summary_large_image","twitter_misc":{"Est. reading time":"3 minutes"},"schema":{"@context":"https:\/\/schema.org","@graph":[{"@type":"WebPage","@id":"https:\/\/www.lotusfuarcilik.com\/hakkimizda\/","url":"https:\/\/www.lotusfuarcilik.com\/hakkimizda\/","name":"Hakk\u0131m\u0131zda - Lotus Fuarc\u0131l\u0131k","isPartOf":{"@id":"https:\/\/www.lotusfuarcilik.com\/#website"},"primaryImageOfPage":{"@id":"https:\/\/www.lotusfuarcilik.com\/hakkimizda\/#primaryimage"},"image":{"@id":"https:\/\/www.lotusfuarcilik.com\/hakkimizda\/#primaryimage"},"thumbnailUrl":"http:\/\/www.lotusfuarcilik.com\/wp-content\/uploads\/2025\/05\/cd68cec0-1875-4d27-b80b-878834786b47-1024x1024-2.jpg","datePublished":"2021-02-03T17:55:10+00:00","dateModified":"2025-08-09T11:10:30+00:00","breadcrumb":{"@id":"https:\/\/www.lotusfuarcilik.com\/hakkimizda\/#breadcrumb"},"inLanguage":"en-US","potentialAction":[{"@type":"ReadAction","target":["https:\/\/www.lotusfuarcilik.com\/hakkimizda\/"]}]},{"@type":"ImageObject","inLanguage":"en-US","@id":"https:\/\/www.lotusfuarcilik.com\/hakkimizda\/#primaryimage","url":"http:\/\/www.lotusfuarcilik.com\/wp-content\/uploads\/2025\/05\/cd68cec0-1875-4d27-b80b-878834786b47-1024x1024-2.jpg","contentUrl":"http:\/\/www.lotusfuarcilik.com\/wp-content\/uploads\/2025\/05\/cd68cec0-1875-4d27-b80b-878834786b47-1024x1024-2.jpg"},{"@type":"BreadcrumbList","@id":"https:\/\/www.lotusfuarcilik.com\/hakkimizda\/#breadcrumb","itemListElement":[{"@type":"ListItem","position":1,"name":"Anasayfa","item":"https:\/\/www.lotusfuarcilik.com\/"},{"@type":"ListItem","position":2,"name":"Hakk\u0131m\u0131zda"}]},{"@type":"WebSite","@id":"https:\/\/www.lotusfuarcilik.com\/#website","url":"https:\/\/www.lotusfuarcilik.com\/","name":"Lotus Fair Organization","description":"Fuar Hizmetleri","publisher":{"@id":"https:\/\/www.lotusfuarcilik.com\/#organization"},"potentialAction":[{"@type":"SearchAction","target":{"@type":"EntryPoint","urlTemplate":"https:\/\/www.lotusfuarcilik.com\/?s={search_term_string}"},"query-input":{"@type":"PropertyValueSpecification","valueRequired":true,"valueName":"search_term_string"}}],"inLanguage":"en-US"},{"@type":"Organization","@id":"https:\/\/www.lotusfuarcilik.com\/#organization","name":"Lotus Fair Organization","url":"https:\/\/www.lotusfuarcilik.com\/","logo":{"@type":"ImageObject","inLanguage":"en-US","@id":"https:\/\/www.lotusfuarcilik.com\/#\/schema\/logo\/image\/","url":"https:\/\/www.lotusfuarcilik.com\/wp-content\/uploads\/2025\/05\/cd68cec0-1875-4d27-b80b-878834786b47-1024x1024-1.jpg","contentUrl":"https:\/\/www.lotusfuarcilik.com\/wp-content\/uploads\/2025\/05\/cd68cec0-1875-4d27-b80b-878834786b47-1024x1024-1.jpg","width":1024,"height":1024,"caption":"Lotus Fuarc\u0131l\u0131k"},"image":{"@id":"https:\/\/www.lotusfuarcilik.com\/#\/schema\/logo\/image\/"},"sameAs":["https:\/\/www.instagram.com\/lotusexpo\/"]}]}},"_links":{"self":[{"href":"https:\/\/www.lotusfuarcilik.com\/en\/wp-json\/wp\/v2\/pages\/82","targetHints":{"allow":["GET"]}}],"collection":[{"href":"https:\/\/www.lotusfuarcilik.com\/en\/wp-json\/wp\/v2\/pages"}],"about":[{"href":"https:\/\/www.lotusfuarcilik.com\/en\/wp-json\/wp\/v2\/types\/page"}],"author":[{"embeddable":true,"href":"https:\/\/www.lotusfuarcilik.com\/en\/wp-json\/wp\/v2\/users\/1"}],"replies":[{"embeddable":true,"href":"https:\/\/www.lotusfuarcilik.com\/en\/wp-json\/wp\/v2\/comments?post=82"}],"version-history":[{"count":12,"href":"https:\/\/www.lotusfuarcilik.com\/en\/wp-json\/wp\/v2\/pages\/82\/revisions"}],"predecessor-version":[{"id":707,"href":"https:\/\/www.lotusfuarcilik.com\/en\/wp-json\/wp\/v2\/pages\/82\/revisions\/707"}],"wp:attachment":[{"href":"https:\/\/www.lotusfuarcilik.com\/en\/wp-json\/wp\/v2\/media?parent=82"}],"curies":[{"name":"wp","href":"https:\/\/api.w.org\/{rel}","templated":true}]}}