{"id":68,"date":"2023-02-03T20:11:05","date_gmt":"2021-02-03T17:11:05","guid":{"rendered":"https:\/\/safirdemo.com\/atolye\/foto-galeri\/"},"modified":"2025-05-15T19:10:28","modified_gmt":"2025-05-15T16:10:28","slug":"foto-galeri","status":"publish","type":"page","link":"https:\/\/www.lotusfuarcilik.com\/en\/foto-galeri\/","title":{"rendered":"Foto Galeri (Lightbox)"},"content":{"rendered":"<p>Lotus Fair Organization Project Gallery<\/p>\n\n\n\n<p>As Lotus Fuarc\u0131l\u0131k, <strong>fair booth design<\/strong> With the unique and functional solutions we offer in our field, we have undertaken many successful projects both domestically and abroad. This gallery showcases the special projects we carried out with brands. <strong>mod\u00fcler, ah\u015fap ve karma sistem stant uygulamalar\u0131n\u0131<\/strong> yak\u0131ndan incelemeniz i\u00e7in haz\u0131rland\u0131.<\/p>\n\n\n\n<p>In each square, specifically developed for customer needs. <strong>corporate booth design<\/strong> You can see our approach and the meticulousness in our implementation. <strong>Yurtd\u0131\u015f\u0131 fuar projeleri<\/strong> We bring together quality and aesthetics in all processes, including design, production, installation, and dismantling stages.<\/p>\n\n\n\n<p>Explore our gallery, get inspired, and contact us to make a difference at your next event. <strong>Lotus ile fark yarat\u0131n.<\/strong><\/p>\n\n\n\n<figure class=\"wp-block-gallery has-nested-images columns-default is-cropped wp-block-gallery-1 is-layout-flex wp-block-gallery-is-layout-flex\">\n<figure class=\"wp-block-image size-large\"><a href=\"http:\/\/www.lotusfuarcilik.com\/wp-content\/uploads\/2025\/05\/WORLDFOOD-Turkiye.jpg\"><img loading=\"lazy\" decoding=\"async\" width=\"901\" height=\"1024\" data-id=\"604\" src=\"http:\/\/www.lotusfuarcilik.com\/wp-content\/uploads\/2025\/05\/WORLDFOOD-Turkiye-901x1024.jpg\" alt=\"\" class=\"wp-image-604\" srcset=\"https:\/\/www.lotusfuarcilik.com\/wp-content\/uploads\/2025\/05\/WORLDFOOD-Turkiye-901x1024.jpg 901w, https:\/\/www.lotusfuarcilik.com\/wp-content\/uploads\/2025\/05\/WORLDFOOD-Turkiye-264x300.jpg 264w, https:\/\/www.lotusfuarcilik.com\/wp-content\/uploads\/2025\/05\/WORLDFOOD-Turkiye-768x872.jpg 768w, https:\/\/www.lotusfuarcilik.com\/wp-content\/uploads\/2025\/05\/WORLDFOOD-Turkiye.jpg 1170w\" sizes=\"auto, (max-width: 901px) 100vw, 901px\" \/><\/a><\/figure>\n\n\n\n<figure class=\"wp-block-image size-full\"><a href=\"http:\/\/www.lotusfuarcilik.com\/wp-content\/uploads\/2025\/05\/WORLDFOOD-Turkiye-2.jpg\"><img loading=\"lazy\" decoding=\"async\" width=\"723\" height=\"572\" data-id=\"605\" src=\"http:\/\/www.lotusfuarcilik.com\/wp-content\/uploads\/2025\/05\/WORLDFOOD-Turkiye-2.jpg\" alt=\"\" class=\"wp-image-605\" srcset=\"https:\/\/www.lotusfuarcilik.com\/wp-content\/uploads\/2025\/05\/WORLDFOOD-Turkiye-2.jpg 723w, https:\/\/www.lotusfuarcilik.com\/wp-content\/uploads\/2025\/05\/WORLDFOOD-Turkiye-2-300x237.jpg 300w\" sizes=\"auto, (max-width: 723px) 100vw, 723px\" \/><\/a><\/figure>\n\n\n\n<figure class=\"wp-block-image size-full\"><a href=\"http:\/\/www.lotusfuarcilik.com\/wp-content\/uploads\/2025\/05\/WORLDFOOD-Turkiye-3.jpg\"><img loading=\"lazy\" decoding=\"async\" width=\"502\" height=\"325\" data-id=\"606\" src=\"http:\/\/www.lotusfuarcilik.com\/wp-content\/uploads\/2025\/05\/WORLDFOOD-Turkiye-3.jpg\" alt=\"\" class=\"wp-image-606\" srcset=\"https:\/\/www.lotusfuarcilik.com\/wp-content\/uploads\/2025\/05\/WORLDFOOD-Turkiye-3.jpg 502w, https:\/\/www.lotusfuarcilik.com\/wp-content\/uploads\/2025\/05\/WORLDFOOD-Turkiye-3-300x194.jpg 300w\" sizes=\"auto, (max-width: 502px) 100vw, 502px\" \/><\/a><\/figure>\n\n\n\n<figure class=\"wp-block-image size-large\"><a href=\"http:\/\/www.lotusfuarcilik.com\/wp-content\/uploads\/2025\/05\/WATCH-AND-JEWELLERY-MIDDLE-EAST-SHARJAH.jpg\"><img loading=\"lazy\" decoding=\"async\" width=\"1024\" height=\"566\" data-id=\"607\" src=\"http:\/\/www.lotusfuarcilik.com\/wp-content\/uploads\/2025\/05\/WATCH-AND-JEWELLERY-MIDDLE-EAST-SHARJAH-1024x566.jpg\" alt=\"\" class=\"wp-image-607\" srcset=\"https:\/\/www.lotusfuarcilik.com\/wp-content\/uploads\/2025\/05\/WATCH-AND-JEWELLERY-MIDDLE-EAST-SHARJAH-1024x566.jpg 1024w, https:\/\/www.lotusfuarcilik.com\/wp-content\/uploads\/2025\/05\/WATCH-AND-JEWELLERY-MIDDLE-EAST-SHARJAH-300x166.jpg 300w, https:\/\/www.lotusfuarcilik.com\/wp-content\/uploads\/2025\/05\/WATCH-AND-JEWELLERY-MIDDLE-EAST-SHARJAH-768x425.jpg 768w, https:\/\/www.lotusfuarcilik.com\/wp-content\/uploads\/2025\/05\/WATCH-AND-JEWELLERY-MIDDLE-EAST-SHARJAH.jpg 1170w\" sizes=\"auto, (max-width: 1024px) 100vw, 1024px\" \/><\/a><\/figure>\n\n\n\n<figure class=\"wp-block-image size-large\"><a href=\"http:\/\/www.lotusfuarcilik.com\/wp-content\/uploads\/2025\/05\/WATCH-AND-JEWELLERY-MIDDLE-EAST-SHARJAH2.jpg\"><img loading=\"lazy\" decoding=\"async\" width=\"1024\" height=\"576\" data-id=\"608\" src=\"http:\/\/www.lotusfuarcilik.com\/wp-content\/uploads\/2025\/05\/WATCH-AND-JEWELLERY-MIDDLE-EAST-SHARJAH2-1024x576.jpg\" alt=\"\" class=\"wp-image-608\" srcset=\"https:\/\/www.lotusfuarcilik.com\/wp-content\/uploads\/2025\/05\/WATCH-AND-JEWELLERY-MIDDLE-EAST-SHARJAH2-1024x576.jpg 1024w, https:\/\/www.lotusfuarcilik.com\/wp-content\/uploads\/2025\/05\/WATCH-AND-JEWELLERY-MIDDLE-EAST-SHARJAH2-300x169.jpg 300w, https:\/\/www.lotusfuarcilik.com\/wp-content\/uploads\/2025\/05\/WATCH-AND-JEWELLERY-MIDDLE-EAST-SHARJAH2-768x432.jpg 768w, https:\/\/www.lotusfuarcilik.com\/wp-content\/uploads\/2025\/05\/WATCH-AND-JEWELLERY-MIDDLE-EAST-SHARJAH2.jpg 1170w\" sizes=\"auto, (max-width: 1024px) 100vw, 1024px\" \/><\/a><\/figure>\n\n\n\n<figure class=\"wp-block-image size-large\"><a href=\"http:\/\/www.lotusfuarcilik.com\/wp-content\/uploads\/2025\/05\/DOHA-WATCHES-AND-JEWELLERY-EXHIBITION-QATAR-2.jpg\"><img loading=\"lazy\" decoding=\"async\" width=\"1024\" height=\"751\" data-id=\"611\" src=\"http:\/\/www.lotusfuarcilik.com\/wp-content\/uploads\/2025\/05\/DOHA-WATCHES-AND-JEWELLERY-EXHIBITION-QATAR-2-1024x751.jpg\" alt=\"\" class=\"wp-image-611\" srcset=\"https:\/\/www.lotusfuarcilik.com\/wp-content\/uploads\/2025\/05\/DOHA-WATCHES-AND-JEWELLERY-EXHIBITION-QATAR-2-1024x751.jpg 1024w, https:\/\/www.lotusfuarcilik.com\/wp-content\/uploads\/2025\/05\/DOHA-WATCHES-AND-JEWELLERY-EXHIBITION-QATAR-2-300x220.jpg 300w, https:\/\/www.lotusfuarcilik.com\/wp-content\/uploads\/2025\/05\/DOHA-WATCHES-AND-JEWELLERY-EXHIBITION-QATAR-2-768x563.jpg 768w, https:\/\/www.lotusfuarcilik.com\/wp-content\/uploads\/2025\/05\/DOHA-WATCHES-AND-JEWELLERY-EXHIBITION-QATAR-2.jpg 1170w\" sizes=\"auto, (max-width: 1024px) 100vw, 1024px\" \/><\/a><\/figure>\n\n\n\n<figure class=\"wp-block-image size-large\"><a href=\"http:\/\/www.lotusfuarcilik.com\/wp-content\/uploads\/2025\/05\/DOHA-WATCHES-AND-JEWELLERY-EXHIBITION-QATAR-3.jpg\"><img loading=\"lazy\" decoding=\"async\" width=\"1024\" height=\"745\" data-id=\"612\" src=\"http:\/\/www.lotusfuarcilik.com\/wp-content\/uploads\/2025\/05\/DOHA-WATCHES-AND-JEWELLERY-EXHIBITION-QATAR-3-1024x745.jpg\" alt=\"\" class=\"wp-image-612\" srcset=\"https:\/\/www.lotusfuarcilik.com\/wp-content\/uploads\/2025\/05\/DOHA-WATCHES-AND-JEWELLERY-EXHIBITION-QATAR-3-1024x745.jpg 1024w, https:\/\/www.lotusfuarcilik.com\/wp-content\/uploads\/2025\/05\/DOHA-WATCHES-AND-JEWELLERY-EXHIBITION-QATAR-3-300x218.jpg 300w, https:\/\/www.lotusfuarcilik.com\/wp-content\/uploads\/2025\/05\/DOHA-WATCHES-AND-JEWELLERY-EXHIBITION-QATAR-3-768x559.jpg 768w, https:\/\/www.lotusfuarcilik.com\/wp-content\/uploads\/2025\/05\/DOHA-WATCHES-AND-JEWELLERY-EXHIBITION-QATAR-3.jpg 1170w\" sizes=\"auto, (max-width: 1024px) 100vw, 1024px\" \/><\/a><\/figure>\n\n\n\n<figure class=\"wp-block-image size-large\"><a href=\"http:\/\/www.lotusfuarcilik.com\/wp-content\/uploads\/2025\/05\/DOHA-WATCHES-AND-JEWELLERY-EXHIBITION-QATAR.jpg\"><img loading=\"lazy\" decoding=\"async\" width=\"1024\" height=\"768\" data-id=\"613\" src=\"http:\/\/www.lotusfuarcilik.com\/wp-content\/uploads\/2025\/05\/DOHA-WATCHES-AND-JEWELLERY-EXHIBITION-QATAR-1024x768.jpg\" alt=\"\" class=\"wp-image-613\" srcset=\"https:\/\/www.lotusfuarcilik.com\/wp-content\/uploads\/2025\/05\/DOHA-WATCHES-AND-JEWELLERY-EXHIBITION-QATAR-1024x768.jpg 1024w, https:\/\/www.lotusfuarcilik.com\/wp-content\/uploads\/2025\/05\/DOHA-WATCHES-AND-JEWELLERY-EXHIBITION-QATAR-300x225.jpg 300w, https:\/\/www.lotusfuarcilik.com\/wp-content\/uploads\/2025\/05\/DOHA-WATCHES-AND-JEWELLERY-EXHIBITION-QATAR-768x576.jpg 768w, https:\/\/www.lotusfuarcilik.com\/wp-content\/uploads\/2025\/05\/DOHA-WATCHES-AND-JEWELLERY-EXHIBITION-QATAR-1536x1152.jpg 1536w, https:\/\/www.lotusfuarcilik.com\/wp-content\/uploads\/2025\/05\/DOHA-WATCHES-AND-JEWELLERY-EXHIBITION-QATAR.jpg 1600w\" sizes=\"auto, (max-width: 1024px) 100vw, 1024px\" \/><\/a><\/figure>\n\n\n\n<figure class=\"wp-block-image size-large\"><a href=\"http:\/\/www.lotusfuarcilik.com\/wp-content\/uploads\/2025\/05\/MIDDLE-EAST-ELECTRICITY-SHOW-DUBAI.jpg\"><img loading=\"lazy\" decoding=\"async\" width=\"1024\" height=\"998\" data-id=\"609\" src=\"http:\/\/www.lotusfuarcilik.com\/wp-content\/uploads\/2025\/05\/MIDDLE-EAST-ELECTRICITY-SHOW-DUBAI-1024x998.jpg\" alt=\"\" class=\"wp-image-609\" srcset=\"https:\/\/www.lotusfuarcilik.com\/wp-content\/uploads\/2025\/05\/MIDDLE-EAST-ELECTRICITY-SHOW-DUBAI-1024x998.jpg 1024w, https:\/\/www.lotusfuarcilik.com\/wp-content\/uploads\/2025\/05\/MIDDLE-EAST-ELECTRICITY-SHOW-DUBAI-300x292.jpg 300w, https:\/\/www.lotusfuarcilik.com\/wp-content\/uploads\/2025\/05\/MIDDLE-EAST-ELECTRICITY-SHOW-DUBAI-768x748.jpg 768w, https:\/\/www.lotusfuarcilik.com\/wp-content\/uploads\/2025\/05\/MIDDLE-EAST-ELECTRICITY-SHOW-DUBAI.jpg 1170w\" sizes=\"auto, (max-width: 1024px) 100vw, 1024px\" \/><\/a><\/figure>\n\n\n\n<figure class=\"wp-block-image size-large\"><a href=\"http:\/\/www.lotusfuarcilik.com\/wp-content\/uploads\/2025\/05\/BRIDE-SHOW-ABU-DHABI.jpg\"><img loading=\"lazy\" decoding=\"async\" width=\"1024\" height=\"991\" data-id=\"614\" src=\"http:\/\/www.lotusfuarcilik.com\/wp-content\/uploads\/2025\/05\/BRIDE-SHOW-ABU-DHABI-1024x991.jpg\" alt=\"\" class=\"wp-image-614\" srcset=\"https:\/\/www.lotusfuarcilik.com\/wp-content\/uploads\/2025\/05\/BRIDE-SHOW-ABU-DHABI-1024x991.jpg 1024w, https:\/\/www.lotusfuarcilik.com\/wp-content\/uploads\/2025\/05\/BRIDE-SHOW-ABU-DHABI-300x290.jpg 300w, https:\/\/www.lotusfuarcilik.com\/wp-content\/uploads\/2025\/05\/BRIDE-SHOW-ABU-DHABI-768x743.jpg 768w, https:\/\/www.lotusfuarcilik.com\/wp-content\/uploads\/2025\/05\/BRIDE-SHOW-ABU-DHABI.jpg 1170w\" sizes=\"auto, (max-width: 1024px) 100vw, 1024px\" \/><\/a><\/figure>\n\n\n\n<figure class=\"wp-block-image size-large\"><a href=\"http:\/\/www.lotusfuarcilik.com\/wp-content\/uploads\/2025\/05\/BEAUTYWORLD-MIDDLE-EAST-DUBAI.jpg\"><img loading=\"lazy\" decoding=\"async\" width=\"1024\" height=\"776\" data-id=\"615\" src=\"http:\/\/www.lotusfuarcilik.com\/wp-content\/uploads\/2025\/05\/BEAUTYWORLD-MIDDLE-EAST-DUBAI-1024x776.jpg\" alt=\"\" class=\"wp-image-615\" srcset=\"https:\/\/www.lotusfuarcilik.com\/wp-content\/uploads\/2025\/05\/BEAUTYWORLD-MIDDLE-EAST-DUBAI-1024x776.jpg 1024w, https:\/\/www.lotusfuarcilik.com\/wp-content\/uploads\/2025\/05\/BEAUTYWORLD-MIDDLE-EAST-DUBAI-300x227.jpg 300w, https:\/\/www.lotusfuarcilik.com\/wp-content\/uploads\/2025\/05\/BEAUTYWORLD-MIDDLE-EAST-DUBAI-768x582.jpg 768w, https:\/\/www.lotusfuarcilik.com\/wp-content\/uploads\/2025\/05\/BEAUTYWORLD-MIDDLE-EAST-DUBAI.jpg 1170w\" sizes=\"auto, (max-width: 1024px) 100vw, 1024px\" \/><\/a><\/figure>\n\n\n\n<figure class=\"wp-block-image size-large\"><a href=\"http:\/\/www.lotusfuarcilik.com\/wp-content\/uploads\/2025\/05\/BEAUTYWORLD-MIDDLE-EAST-DUBAI-2.jpg\"><img loading=\"lazy\" decoding=\"async\" width=\"1024\" height=\"787\" data-id=\"616\" src=\"http:\/\/www.lotusfuarcilik.com\/wp-content\/uploads\/2025\/05\/BEAUTYWORLD-MIDDLE-EAST-DUBAI-2-1024x787.jpg\" alt=\"\" class=\"wp-image-616\" srcset=\"https:\/\/www.lotusfuarcilik.com\/wp-content\/uploads\/2025\/05\/BEAUTYWORLD-MIDDLE-EAST-DUBAI-2-1024x787.jpg 1024w, https:\/\/www.lotusfuarcilik.com\/wp-content\/uploads\/2025\/05\/BEAUTYWORLD-MIDDLE-EAST-DUBAI-2-300x231.jpg 300w, https:\/\/www.lotusfuarcilik.com\/wp-content\/uploads\/2025\/05\/BEAUTYWORLD-MIDDLE-EAST-DUBAI-2-768x590.jpg 768w, https:\/\/www.lotusfuarcilik.com\/wp-content\/uploads\/2025\/05\/BEAUTYWORLD-MIDDLE-EAST-DUBAI-2.jpg 1170w\" sizes=\"auto, (max-width: 1024px) 100vw, 1024px\" \/><\/a><\/figure>\n\n\n\n<figure class=\"wp-block-image size-large\"><a href=\"http:\/\/www.lotusfuarcilik.com\/wp-content\/uploads\/2025\/05\/BEAUTYWORLD-MIDDLE-EAST-DUBAI3.jpg\"><img loading=\"lazy\" decoding=\"async\" width=\"1024\" height=\"607\" data-id=\"617\" src=\"http:\/\/www.lotusfuarcilik.com\/wp-content\/uploads\/2025\/05\/BEAUTYWORLD-MIDDLE-EAST-DUBAI3-1024x607.jpg\" alt=\"\" class=\"wp-image-617\" srcset=\"https:\/\/www.lotusfuarcilik.com\/wp-content\/uploads\/2025\/05\/BEAUTYWORLD-MIDDLE-EAST-DUBAI3-1024x607.jpg 1024w, https:\/\/www.lotusfuarcilik.com\/wp-content\/uploads\/2025\/05\/BEAUTYWORLD-MIDDLE-EAST-DUBAI3-300x178.jpg 300w, https:\/\/www.lotusfuarcilik.com\/wp-content\/uploads\/2025\/05\/BEAUTYWORLD-MIDDLE-EAST-DUBAI3-768x456.jpg 768w, https:\/\/www.lotusfuarcilik.com\/wp-content\/uploads\/2025\/05\/BEAUTYWORLD-MIDDLE-EAST-DUBAI3.jpg 1170w\" sizes=\"auto, (max-width: 1024px) 100vw, 1024px\" \/><\/a><\/figure>\n\n\n\n<figure class=\"wp-block-image size-large\"><a href=\"http:\/\/www.lotusfuarcilik.com\/wp-content\/uploads\/2025\/05\/BEAUTY-AND-WELLNESS-SHOW-TURKEY.jpg\"><img loading=\"lazy\" decoding=\"async\" width=\"1024\" height=\"660\" data-id=\"618\" src=\"http:\/\/www.lotusfuarcilik.com\/wp-content\/uploads\/2025\/05\/BEAUTY-AND-WELLNESS-SHOW-TURKEY-1024x660.jpg\" alt=\"\" class=\"wp-image-618\" srcset=\"https:\/\/www.lotusfuarcilik.com\/wp-content\/uploads\/2025\/05\/BEAUTY-AND-WELLNESS-SHOW-TURKEY-1024x660.jpg 1024w, https:\/\/www.lotusfuarcilik.com\/wp-content\/uploads\/2025\/05\/BEAUTY-AND-WELLNESS-SHOW-TURKEY-300x193.jpg 300w, https:\/\/www.lotusfuarcilik.com\/wp-content\/uploads\/2025\/05\/BEAUTY-AND-WELLNESS-SHOW-TURKEY-768x495.jpg 768w, https:\/\/www.lotusfuarcilik.com\/wp-content\/uploads\/2025\/05\/BEAUTY-AND-WELLNESS-SHOW-TURKEY.jpg 1170w\" sizes=\"auto, (max-width: 1024px) 100vw, 1024px\" \/><\/a><\/figure>\n\n\n\n<figure class=\"wp-block-image size-large\"><a href=\"http:\/\/www.lotusfuarcilik.com\/wp-content\/uploads\/2025\/05\/ALZAIN-JEWELLERY-KIOSK-DOHA-QATAR.jpg\"><img loading=\"lazy\" decoding=\"async\" width=\"1024\" height=\"758\" data-id=\"619\" src=\"http:\/\/www.lotusfuarcilik.com\/wp-content\/uploads\/2025\/05\/ALZAIN-JEWELLERY-KIOSK-DOHA-QATAR-1024x758.jpg\" alt=\"\" class=\"wp-image-619\" srcset=\"https:\/\/www.lotusfuarcilik.com\/wp-content\/uploads\/2025\/05\/ALZAIN-JEWELLERY-KIOSK-DOHA-QATAR-1024x758.jpg 1024w, https:\/\/www.lotusfuarcilik.com\/wp-content\/uploads\/2025\/05\/ALZAIN-JEWELLERY-KIOSK-DOHA-QATAR-300x222.jpg 300w, https:\/\/www.lotusfuarcilik.com\/wp-content\/uploads\/2025\/05\/ALZAIN-JEWELLERY-KIOSK-DOHA-QATAR-768x569.jpg 768w, https:\/\/www.lotusfuarcilik.com\/wp-content\/uploads\/2025\/05\/ALZAIN-JEWELLERY-KIOSK-DOHA-QATAR.jpg 1163w\" sizes=\"auto, (max-width: 1024px) 100vw, 1024px\" \/><\/a><\/figure>\n<\/figure>","protected":false},"excerpt":{"rendered":"<p>Lotus Fuarc\u0131l\u0131k Proje Galerisi Lotus Fuarc\u0131l\u0131k olarak, fuar stant tasar\u0131m\u0131 alan\u0131nda sundu\u011fumuz \u00f6zg\u00fcn ve i\u015flevsel \u00e7\u00f6z\u00fcmlerle yurt i\u00e7i ve yurt d\u0131\u015f\u0131nda bir\u00e7ok ba\u015far\u0131l\u0131 projeye imza att\u0131k. Bu galeri, markalarla birlikte ger\u00e7ekle\u015ftirdi\u011fimiz \u00f6zel mod\u00fcler, ah\u015fap ve karma sistem stant uygulamalar\u0131n\u0131 yak\u0131ndan incelemeniz i\u00e7in haz\u0131rland\u0131. Her bir karede, m\u00fc\u015fteri ihtiya\u00e7lar\u0131na \u00f6zel olarak geli\u015ftirilen kurumsal stant tasar\u0131m\u0131 yakla\u015f\u0131m\u0131m\u0131z\u0131 [&hellip;]<\/p>\n","protected":false},"author":1,"featured_media":0,"parent":0,"menu_order":0,"comment_status":"closed","ping_status":"closed","template":"","meta":{"footnotes":""},"class_list":["post-68","page","type-page","status-publish","hentry"],"yoast_head":"<!-- This site is optimized with the Yoast SEO plugin v27.2 - https:\/\/yoast.com\/product\/yoast-seo-wordpress\/ -->\n<title>Foto Galeri (Lightbox) - Lotus Fuarc\u0131l\u0131k<\/title>\n<meta name=\"robots\" content=\"index, follow, max-snippet:-1, max-image-preview:large, max-video-preview:-1\" \/>\n<link rel=\"canonical\" href=\"https:\/\/www.lotusfuarcilik.com\/en\/foto-galeri\/\" \/>\n<meta property=\"og:locale\" content=\"en_US\" \/>\n<meta property=\"og:type\" content=\"article\" \/>\n<meta property=\"og:title\" content=\"Foto Galeri (Lightbox) - Lotus Fuarc\u0131l\u0131k\" \/>\n<meta property=\"og:description\" content=\"Lotus Fuarc\u0131l\u0131k Proje Galerisi Lotus Fuarc\u0131l\u0131k olarak, fuar stant tasar\u0131m\u0131 alan\u0131nda sundu\u011fumuz \u00f6zg\u00fcn ve i\u015flevsel \u00e7\u00f6z\u00fcmlerle yurt i\u00e7i ve yurt d\u0131\u015f\u0131nda bir\u00e7ok ba\u015far\u0131l\u0131 projeye imza att\u0131k. Bu galeri, markalarla birlikte ger\u00e7ekle\u015ftirdi\u011fimiz \u00f6zel mod\u00fcler, ah\u015fap ve karma sistem stant uygulamalar\u0131n\u0131 yak\u0131ndan incelemeniz i\u00e7in haz\u0131rland\u0131. Her bir karede, m\u00fc\u015fteri ihtiya\u00e7lar\u0131na \u00f6zel olarak geli\u015ftirilen kurumsal stant tasar\u0131m\u0131 yakla\u015f\u0131m\u0131m\u0131z\u0131 [&hellip;]\" \/>\n<meta property=\"og:url\" content=\"https:\/\/www.lotusfuarcilik.com\/en\/foto-galeri\/\" \/>\n<meta property=\"og:site_name\" content=\"Lotus Fuarc\u0131l\u0131k\" \/>\n<meta property=\"article:publisher\" content=\"https:\/\/www.instagram.com\/lotusexpo\/\" \/>\n<meta property=\"article:modified_time\" content=\"2025-05-15T16:10:28+00:00\" \/>\n<meta property=\"og:image\" content=\"https:\/\/www.lotusfuarcilik.com\/wp-content\/uploads\/2025\/05\/WORLDFOOD-Turkiye.jpg\" \/>\n\t<meta property=\"og:image:width\" content=\"1170\" \/>\n\t<meta property=\"og:image:height\" content=\"1329\" \/>\n\t<meta property=\"og:image:type\" content=\"image\/jpeg\" \/>\n<meta name=\"twitter:card\" content=\"summary_large_image\" \/>\n<meta name=\"twitter:label1\" content=\"Est. reading time\" \/>\n\t<meta name=\"twitter:data1\" content=\"4 minutes\" \/>\n<script type=\"application\/ld+json\" class=\"yoast-schema-graph\">{\"@context\":\"https:\/\/schema.org\",\"@graph\":[{\"@type\":\"WebPage\",\"@id\":\"https:\/\/www.lotusfuarcilik.com\/foto-galeri\/\",\"url\":\"https:\/\/www.lotusfuarcilik.com\/foto-galeri\/\",\"name\":\"Foto Galeri (Lightbox) - Lotus Fuarc\u0131l\u0131k\",\"isPartOf\":{\"@id\":\"https:\/\/www.lotusfuarcilik.com\/#website\"},\"primaryImageOfPage\":{\"@id\":\"https:\/\/www.lotusfuarcilik.com\/foto-galeri\/#primaryimage\"},\"image\":{\"@id\":\"https:\/\/www.lotusfuarcilik.com\/foto-galeri\/#primaryimage\"},\"thumbnailUrl\":\"http:\/\/www.lotusfuarcilik.com\/wp-content\/uploads\/2025\/05\/WORLDFOOD-Turkiye-901x1024.jpg\",\"datePublished\":\"2021-02-03T17:11:05+00:00\",\"dateModified\":\"2025-05-15T16:10:28+00:00\",\"breadcrumb\":{\"@id\":\"https:\/\/www.lotusfuarcilik.com\/foto-galeri\/#breadcrumb\"},\"inLanguage\":\"en-US\",\"potentialAction\":[{\"@type\":\"ReadAction\",\"target\":[\"https:\/\/www.lotusfuarcilik.com\/foto-galeri\/\"]}]},{\"@type\":\"ImageObject\",\"inLanguage\":\"en-US\",\"@id\":\"https:\/\/www.lotusfuarcilik.com\/foto-galeri\/#primaryimage\",\"url\":\"http:\/\/www.lotusfuarcilik.com\/wp-content\/uploads\/2025\/05\/WORLDFOOD-Turkiye-901x1024.jpg\",\"contentUrl\":\"http:\/\/www.lotusfuarcilik.com\/wp-content\/uploads\/2025\/05\/WORLDFOOD-Turkiye-901x1024.jpg\"},{\"@type\":\"BreadcrumbList\",\"@id\":\"https:\/\/www.lotusfuarcilik.com\/foto-galeri\/#breadcrumb\",\"itemListElement\":[{\"@type\":\"ListItem\",\"position\":1,\"name\":\"Anasayfa\",\"item\":\"https:\/\/www.lotusfuarcilik.com\/\"},{\"@type\":\"ListItem\",\"position\":2,\"name\":\"Foto Galeri (Lightbox)\"}]},{\"@type\":\"WebSite\",\"@id\":\"https:\/\/www.lotusfuarcilik.com\/#website\",\"url\":\"https:\/\/www.lotusfuarcilik.com\/\",\"name\":\"Lotus Fuarc\u0131l\u0131k\",\"description\":\"Fuar Hizmetleri\",\"publisher\":{\"@id\":\"https:\/\/www.lotusfuarcilik.com\/#organization\"},\"potentialAction\":[{\"@type\":\"SearchAction\",\"target\":{\"@type\":\"EntryPoint\",\"urlTemplate\":\"https:\/\/www.lotusfuarcilik.com\/?s={search_term_string}\"},\"query-input\":{\"@type\":\"PropertyValueSpecification\",\"valueRequired\":true,\"valueName\":\"search_term_string\"}}],\"inLanguage\":\"en-US\"},{\"@type\":\"Organization\",\"@id\":\"https:\/\/www.lotusfuarcilik.com\/#organization\",\"name\":\"Lotus Fuarc\u0131l\u0131k\",\"url\":\"https:\/\/www.lotusfuarcilik.com\/\",\"logo\":{\"@type\":\"ImageObject\",\"inLanguage\":\"en-US\",\"@id\":\"https:\/\/www.lotusfuarcilik.com\/#\/schema\/logo\/image\/\",\"url\":\"https:\/\/www.lotusfuarcilik.com\/wp-content\/uploads\/2025\/05\/cd68cec0-1875-4d27-b80b-878834786b47-1024x1024-1.jpg\",\"contentUrl\":\"https:\/\/www.lotusfuarcilik.com\/wp-content\/uploads\/2025\/05\/cd68cec0-1875-4d27-b80b-878834786b47-1024x1024-1.jpg\",\"width\":1024,\"height\":1024,\"caption\":\"Lotus Fuarc\u0131l\u0131k\"},\"image\":{\"@id\":\"https:\/\/www.lotusfuarcilik.com\/#\/schema\/logo\/image\/\"},\"sameAs\":[\"https:\/\/www.instagram.com\/lotusexpo\/\"]}]}<\/script>\n<!-- \/ Yoast SEO plugin. -->","yoast_head_json":{"title":"Foto Galeri (Lightbox) - Lotus Fuarc\u0131l\u0131k","robots":{"index":"index","follow":"follow","max-snippet":"max-snippet:-1","max-image-preview":"max-image-preview:large","max-video-preview":"max-video-preview:-1"},"canonical":"https:\/\/www.lotusfuarcilik.com\/en\/foto-galeri\/","og_locale":"en_US","og_type":"article","og_title":"Foto Galeri (Lightbox) - Lotus Fuarc\u0131l\u0131k","og_description":"Lotus Fuarc\u0131l\u0131k Proje Galerisi Lotus Fuarc\u0131l\u0131k olarak, fuar stant tasar\u0131m\u0131 alan\u0131nda sundu\u011fumuz \u00f6zg\u00fcn ve i\u015flevsel \u00e7\u00f6z\u00fcmlerle yurt i\u00e7i ve yurt d\u0131\u015f\u0131nda bir\u00e7ok ba\u015far\u0131l\u0131 projeye imza att\u0131k. Bu galeri, markalarla birlikte ger\u00e7ekle\u015ftirdi\u011fimiz \u00f6zel mod\u00fcler, ah\u015fap ve karma sistem stant uygulamalar\u0131n\u0131 yak\u0131ndan incelemeniz i\u00e7in haz\u0131rland\u0131. Her bir karede, m\u00fc\u015fteri ihtiya\u00e7lar\u0131na \u00f6zel olarak geli\u015ftirilen kurumsal stant tasar\u0131m\u0131 yakla\u015f\u0131m\u0131m\u0131z\u0131 [&hellip;]","og_url":"https:\/\/www.lotusfuarcilik.com\/en\/foto-galeri\/","og_site_name":"Lotus Fuarc\u0131l\u0131k","article_publisher":"https:\/\/www.instagram.com\/lotusexpo\/","article_modified_time":"2025-05-15T16:10:28+00:00","og_image":[{"width":1170,"height":1329,"url":"https:\/\/www.lotusfuarcilik.com\/wp-content\/uploads\/2025\/05\/WORLDFOOD-Turkiye.jpg","type":"image\/jpeg"}],"twitter_card":"summary_large_image","twitter_misc":{"Est. reading time":"4 minutes"},"schema":{"@context":"https:\/\/schema.org","@graph":[{"@type":"WebPage","@id":"https:\/\/www.lotusfuarcilik.com\/foto-galeri\/","url":"https:\/\/www.lotusfuarcilik.com\/foto-galeri\/","name":"Foto Galeri (Lightbox) - Lotus Fuarc\u0131l\u0131k","isPartOf":{"@id":"https:\/\/www.lotusfuarcilik.com\/#website"},"primaryImageOfPage":{"@id":"https:\/\/www.lotusfuarcilik.com\/foto-galeri\/#primaryimage"},"image":{"@id":"https:\/\/www.lotusfuarcilik.com\/foto-galeri\/#primaryimage"},"thumbnailUrl":"http:\/\/www.lotusfuarcilik.com\/wp-content\/uploads\/2025\/05\/WORLDFOOD-Turkiye-901x1024.jpg","datePublished":"2021-02-03T17:11:05+00:00","dateModified":"2025-05-15T16:10:28+00:00","breadcrumb":{"@id":"https:\/\/www.lotusfuarcilik.com\/foto-galeri\/#breadcrumb"},"inLanguage":"en-US","potentialAction":[{"@type":"ReadAction","target":["https:\/\/www.lotusfuarcilik.com\/foto-galeri\/"]}]},{"@type":"ImageObject","inLanguage":"en-US","@id":"https:\/\/www.lotusfuarcilik.com\/foto-galeri\/#primaryimage","url":"http:\/\/www.lotusfuarcilik.com\/wp-content\/uploads\/2025\/05\/WORLDFOOD-Turkiye-901x1024.jpg","contentUrl":"http:\/\/www.lotusfuarcilik.com\/wp-content\/uploads\/2025\/05\/WORLDFOOD-Turkiye-901x1024.jpg"},{"@type":"BreadcrumbList","@id":"https:\/\/www.lotusfuarcilik.com\/foto-galeri\/#breadcrumb","itemListElement":[{"@type":"ListItem","position":1,"name":"Anasayfa","item":"https:\/\/www.lotusfuarcilik.com\/"},{"@type":"ListItem","position":2,"name":"Foto Galeri (Lightbox)"}]},{"@type":"WebSite","@id":"https:\/\/www.lotusfuarcilik.com\/#website","url":"https:\/\/www.lotusfuarcilik.com\/","name":"Lotus Fair Organization","description":"Fuar Hizmetleri","publisher":{"@id":"https:\/\/www.lotusfuarcilik.com\/#organization"},"potentialAction":[{"@type":"SearchAction","target":{"@type":"EntryPoint","urlTemplate":"https:\/\/www.lotusfuarcilik.com\/?s={search_term_string}"},"query-input":{"@type":"PropertyValueSpecification","valueRequired":true,"valueName":"search_term_string"}}],"inLanguage":"en-US"},{"@type":"Organization","@id":"https:\/\/www.lotusfuarcilik.com\/#organization","name":"Lotus Fair Organization","url":"https:\/\/www.lotusfuarcilik.com\/","logo":{"@type":"ImageObject","inLanguage":"en-US","@id":"https:\/\/www.lotusfuarcilik.com\/#\/schema\/logo\/image\/","url":"https:\/\/www.lotusfuarcilik.com\/wp-content\/uploads\/2025\/05\/cd68cec0-1875-4d27-b80b-878834786b47-1024x1024-1.jpg","contentUrl":"https:\/\/www.lotusfuarcilik.com\/wp-content\/uploads\/2025\/05\/cd68cec0-1875-4d27-b80b-878834786b47-1024x1024-1.jpg","width":1024,"height":1024,"caption":"Lotus Fuarc\u0131l\u0131k"},"image":{"@id":"https:\/\/www.lotusfuarcilik.com\/#\/schema\/logo\/image\/"},"sameAs":["https:\/\/www.instagram.com\/lotusexpo\/"]}]}},"_links":{"self":[{"href":"https:\/\/www.lotusfuarcilik.com\/en\/wp-json\/wp\/v2\/pages\/68","targetHints":{"allow":["GET"]}}],"collection":[{"href":"https:\/\/www.lotusfuarcilik.com\/en\/wp-json\/wp\/v2\/pages"}],"about":[{"href":"https:\/\/www.lotusfuarcilik.com\/en\/wp-json\/wp\/v2\/types\/page"}],"author":[{"embeddable":true,"href":"https:\/\/www.lotusfuarcilik.com\/en\/wp-json\/wp\/v2\/users\/1"}],"replies":[{"embeddable":true,"href":"https:\/\/www.lotusfuarcilik.com\/en\/wp-json\/wp\/v2\/comments?post=68"}],"version-history":[{"count":3,"href":"https:\/\/www.lotusfuarcilik.com\/en\/wp-json\/wp\/v2\/pages\/68\/revisions"}],"predecessor-version":[{"id":701,"href":"https:\/\/www.lotusfuarcilik.com\/en\/wp-json\/wp\/v2\/pages\/68\/revisions\/701"}],"wp:attachment":[{"href":"https:\/\/www.lotusfuarcilik.com\/en\/wp-json\/wp\/v2\/media?parent=68"}],"curies":[{"name":"wp","href":"https:\/\/api.w.org\/{rel}","templated":true}]}}