{"id":590,"date":"2025-05-10T09:01:36","date_gmt":"2025-05-10T06:01:36","guid":{"rendered":"http:\/\/www.lotusfuarcilik.com\/?page_id=590"},"modified":"2025-05-10T09:01:36","modified_gmt":"2025-05-10T06:01:36","slug":"vizyonumuz","status":"publish","type":"page","link":"https:\/\/www.lotusfuarcilik.com\/en\/vizyonumuz\/","title":{"rendered":"Our Vision"},"content":{"rendered":"<p>As Lotus Fuarc\u0131l\u0131k, our vision is to be the leading brand of the sector with its innovative and sustainable service approach that makes a difference in the field of exhibition and event management. We aim to be a reference point in customer satisfaction by setting an example for national and international organizations.<\/p>\n\n\n\n<p>Thanks to our structure that works integrated with the digitalizing world, we offer our participants not just a fairground; We offer creative platforms where they can effectively promote their brands, add value and open up to the global market. We create value by blending technology, design and strategic planning with a holistic approach.<\/p>\n\n\n\n<p>At the center of our vision are transparency, trust, quality, and continuous improvement. To stay one step ahead, we closely follow industry trends and provide our partners with a competitive advantage through innovative solutions.<\/p>","protected":false},"excerpt":{"rendered":"<p>Lotus Fuarc\u0131l\u0131k olarak vizyonumuz; fuarc\u0131l\u0131k ve etkinlik y\u00f6netimi alan\u0131nda fark yaratan, yenilik\u00e7i ve s\u00fcrd\u00fcr\u00fclebilir hizmet anlay\u0131\u015f\u0131yla sekt\u00f6r\u00fcn lider markas\u0131 olmakt\u0131r. Ulusal ve uluslararas\u0131 d\u00fczeyde \u00f6rnek g\u00f6sterilen organizasyonlara imza atarak, m\u00fc\u015fteri memnuniyetinde referans noktas\u0131 olmay\u0131 hedefliyoruz. Dijitalle\u015fen d\u00fcnya ile entegre \u00e7al\u0131\u015fan yap\u0131m\u0131z sayesinde, kat\u0131l\u0131mc\u0131lar\u0131m\u0131za sadece bir fuar alan\u0131 de\u011fil; markalar\u0131n\u0131 etkili bi\u00e7imde tan\u0131tabilecekleri, de\u011fer katacaklar\u0131 ve [&hellip;]<\/p>\n","protected":false},"author":1,"featured_media":0,"parent":0,"menu_order":0,"comment_status":"closed","ping_status":"closed","template":"","meta":{"footnotes":""},"class_list":["post-590","page","type-page","status-publish","hentry"],"yoast_head":"<!-- This site is optimized with the Yoast SEO plugin v27.2 - https:\/\/yoast.com\/product\/yoast-seo-wordpress\/ -->\n<title>Vizyonumuz - Lotus Fuarc\u0131l\u0131k<\/title>\n<meta name=\"robots\" content=\"index, follow, max-snippet:-1, max-image-preview:large, max-video-preview:-1\" \/>\n<link rel=\"canonical\" href=\"https:\/\/www.lotusfuarcilik.com\/en\/vizyonumuz\/\" \/>\n<meta property=\"og:locale\" content=\"en_US\" \/>\n<meta property=\"og:type\" content=\"article\" \/>\n<meta property=\"og:title\" content=\"Vizyonumuz - Lotus Fuarc\u0131l\u0131k\" \/>\n<meta property=\"og:description\" content=\"Lotus Fuarc\u0131l\u0131k olarak vizyonumuz; fuarc\u0131l\u0131k ve etkinlik y\u00f6netimi alan\u0131nda fark yaratan, yenilik\u00e7i ve s\u00fcrd\u00fcr\u00fclebilir hizmet anlay\u0131\u015f\u0131yla sekt\u00f6r\u00fcn lider markas\u0131 olmakt\u0131r. Ulusal ve uluslararas\u0131 d\u00fczeyde \u00f6rnek g\u00f6sterilen organizasyonlara imza atarak, m\u00fc\u015fteri memnuniyetinde referans noktas\u0131 olmay\u0131 hedefliyoruz. Dijitalle\u015fen d\u00fcnya ile entegre \u00e7al\u0131\u015fan yap\u0131m\u0131z sayesinde, kat\u0131l\u0131mc\u0131lar\u0131m\u0131za sadece bir fuar alan\u0131 de\u011fil; markalar\u0131n\u0131 etkili bi\u00e7imde tan\u0131tabilecekleri, de\u011fer katacaklar\u0131 ve [&hellip;]\" \/>\n<meta property=\"og:url\" content=\"https:\/\/www.lotusfuarcilik.com\/en\/vizyonumuz\/\" \/>\n<meta property=\"og:site_name\" content=\"Lotus Fuarc\u0131l\u0131k\" \/>\n<meta property=\"article:publisher\" content=\"https:\/\/www.instagram.com\/lotusexpo\/\" \/>\n<meta name=\"twitter:card\" content=\"summary_large_image\" \/>\n<meta name=\"twitter:label1\" content=\"Est. reading time\" \/>\n\t<meta name=\"twitter:data1\" content=\"1 minute\" \/>\n<script type=\"application\/ld+json\" class=\"yoast-schema-graph\">{\"@context\":\"https:\/\/schema.org\",\"@graph\":[{\"@type\":\"WebPage\",\"@id\":\"https:\/\/www.lotusfuarcilik.com\/vizyonumuz\/\",\"url\":\"https:\/\/www.lotusfuarcilik.com\/vizyonumuz\/\",\"name\":\"Vizyonumuz - Lotus Fuarc\u0131l\u0131k\",\"isPartOf\":{\"@id\":\"https:\/\/www.lotusfuarcilik.com\/#website\"},\"datePublished\":\"2025-05-10T06:01:36+00:00\",\"breadcrumb\":{\"@id\":\"https:\/\/www.lotusfuarcilik.com\/vizyonumuz\/#breadcrumb\"},\"inLanguage\":\"en-US\",\"potentialAction\":[{\"@type\":\"ReadAction\",\"target\":[\"https:\/\/www.lotusfuarcilik.com\/vizyonumuz\/\"]}]},{\"@type\":\"BreadcrumbList\",\"@id\":\"https:\/\/www.lotusfuarcilik.com\/vizyonumuz\/#breadcrumb\",\"itemListElement\":[{\"@type\":\"ListItem\",\"position\":1,\"name\":\"Anasayfa\",\"item\":\"https:\/\/www.lotusfuarcilik.com\/\"},{\"@type\":\"ListItem\",\"position\":2,\"name\":\"Vizyonumuz\"}]},{\"@type\":\"WebSite\",\"@id\":\"https:\/\/www.lotusfuarcilik.com\/#website\",\"url\":\"https:\/\/www.lotusfuarcilik.com\/\",\"name\":\"Lotus Fuarc\u0131l\u0131k\",\"description\":\"Fuar Hizmetleri\",\"publisher\":{\"@id\":\"https:\/\/www.lotusfuarcilik.com\/#organization\"},\"potentialAction\":[{\"@type\":\"SearchAction\",\"target\":{\"@type\":\"EntryPoint\",\"urlTemplate\":\"https:\/\/www.lotusfuarcilik.com\/?s={search_term_string}\"},\"query-input\":{\"@type\":\"PropertyValueSpecification\",\"valueRequired\":true,\"valueName\":\"search_term_string\"}}],\"inLanguage\":\"en-US\"},{\"@type\":\"Organization\",\"@id\":\"https:\/\/www.lotusfuarcilik.com\/#organization\",\"name\":\"Lotus Fuarc\u0131l\u0131k\",\"url\":\"https:\/\/www.lotusfuarcilik.com\/\",\"logo\":{\"@type\":\"ImageObject\",\"inLanguage\":\"en-US\",\"@id\":\"https:\/\/www.lotusfuarcilik.com\/#\/schema\/logo\/image\/\",\"url\":\"https:\/\/www.lotusfuarcilik.com\/wp-content\/uploads\/2025\/05\/cd68cec0-1875-4d27-b80b-878834786b47-1024x1024-1.jpg\",\"contentUrl\":\"https:\/\/www.lotusfuarcilik.com\/wp-content\/uploads\/2025\/05\/cd68cec0-1875-4d27-b80b-878834786b47-1024x1024-1.jpg\",\"width\":1024,\"height\":1024,\"caption\":\"Lotus Fuarc\u0131l\u0131k\"},\"image\":{\"@id\":\"https:\/\/www.lotusfuarcilik.com\/#\/schema\/logo\/image\/\"},\"sameAs\":[\"https:\/\/www.instagram.com\/lotusexpo\/\"]}]}<\/script>\n<!-- \/ Yoast SEO plugin. -->","yoast_head_json":{"title":"Vizyonumuz - Lotus Fuarc\u0131l\u0131k","robots":{"index":"index","follow":"follow","max-snippet":"max-snippet:-1","max-image-preview":"max-image-preview:large","max-video-preview":"max-video-preview:-1"},"canonical":"https:\/\/www.lotusfuarcilik.com\/en\/vizyonumuz\/","og_locale":"en_US","og_type":"article","og_title":"Vizyonumuz - Lotus Fuarc\u0131l\u0131k","og_description":"Lotus Fuarc\u0131l\u0131k olarak vizyonumuz; fuarc\u0131l\u0131k ve etkinlik y\u00f6netimi alan\u0131nda fark yaratan, yenilik\u00e7i ve s\u00fcrd\u00fcr\u00fclebilir hizmet anlay\u0131\u015f\u0131yla sekt\u00f6r\u00fcn lider markas\u0131 olmakt\u0131r. Ulusal ve uluslararas\u0131 d\u00fczeyde \u00f6rnek g\u00f6sterilen organizasyonlara imza atarak, m\u00fc\u015fteri memnuniyetinde referans noktas\u0131 olmay\u0131 hedefliyoruz. Dijitalle\u015fen d\u00fcnya ile entegre \u00e7al\u0131\u015fan yap\u0131m\u0131z sayesinde, kat\u0131l\u0131mc\u0131lar\u0131m\u0131za sadece bir fuar alan\u0131 de\u011fil; markalar\u0131n\u0131 etkili bi\u00e7imde tan\u0131tabilecekleri, de\u011fer katacaklar\u0131 ve [&hellip;]","og_url":"https:\/\/www.lotusfuarcilik.com\/en\/vizyonumuz\/","og_site_name":"Lotus Fuarc\u0131l\u0131k","article_publisher":"https:\/\/www.instagram.com\/lotusexpo\/","twitter_card":"summary_large_image","twitter_misc":{"Est. reading time":"1 minute"},"schema":{"@context":"https:\/\/schema.org","@graph":[{"@type":"WebPage","@id":"https:\/\/www.lotusfuarcilik.com\/vizyonumuz\/","url":"https:\/\/www.lotusfuarcilik.com\/vizyonumuz\/","name":"Vizyonumuz - Lotus Fuarc\u0131l\u0131k","isPartOf":{"@id":"https:\/\/www.lotusfuarcilik.com\/#website"},"datePublished":"2025-05-10T06:01:36+00:00","breadcrumb":{"@id":"https:\/\/www.lotusfuarcilik.com\/vizyonumuz\/#breadcrumb"},"inLanguage":"en-US","potentialAction":[{"@type":"ReadAction","target":["https:\/\/www.lotusfuarcilik.com\/vizyonumuz\/"]}]},{"@type":"BreadcrumbList","@id":"https:\/\/www.lotusfuarcilik.com\/vizyonumuz\/#breadcrumb","itemListElement":[{"@type":"ListItem","position":1,"name":"Anasayfa","item":"https:\/\/www.lotusfuarcilik.com\/"},{"@type":"ListItem","position":2,"name":"Vizyonumuz"}]},{"@type":"WebSite","@id":"https:\/\/www.lotusfuarcilik.com\/#website","url":"https:\/\/www.lotusfuarcilik.com\/","name":"Lotus Fair Organization","description":"Fuar Hizmetleri","publisher":{"@id":"https:\/\/www.lotusfuarcilik.com\/#organization"},"potentialAction":[{"@type":"SearchAction","target":{"@type":"EntryPoint","urlTemplate":"https:\/\/www.lotusfuarcilik.com\/?s={search_term_string}"},"query-input":{"@type":"PropertyValueSpecification","valueRequired":true,"valueName":"search_term_string"}}],"inLanguage":"en-US"},{"@type":"Organization","@id":"https:\/\/www.lotusfuarcilik.com\/#organization","name":"Lotus Fair Organization","url":"https:\/\/www.lotusfuarcilik.com\/","logo":{"@type":"ImageObject","inLanguage":"en-US","@id":"https:\/\/www.lotusfuarcilik.com\/#\/schema\/logo\/image\/","url":"https:\/\/www.lotusfuarcilik.com\/wp-content\/uploads\/2025\/05\/cd68cec0-1875-4d27-b80b-878834786b47-1024x1024-1.jpg","contentUrl":"https:\/\/www.lotusfuarcilik.com\/wp-content\/uploads\/2025\/05\/cd68cec0-1875-4d27-b80b-878834786b47-1024x1024-1.jpg","width":1024,"height":1024,"caption":"Lotus Fuarc\u0131l\u0131k"},"image":{"@id":"https:\/\/www.lotusfuarcilik.com\/#\/schema\/logo\/image\/"},"sameAs":["https:\/\/www.instagram.com\/lotusexpo\/"]}]}},"_links":{"self":[{"href":"https:\/\/www.lotusfuarcilik.com\/en\/wp-json\/wp\/v2\/pages\/590","targetHints":{"allow":["GET"]}}],"collection":[{"href":"https:\/\/www.lotusfuarcilik.com\/en\/wp-json\/wp\/v2\/pages"}],"about":[{"href":"https:\/\/www.lotusfuarcilik.com\/en\/wp-json\/wp\/v2\/types\/page"}],"author":[{"embeddable":true,"href":"https:\/\/www.lotusfuarcilik.com\/en\/wp-json\/wp\/v2\/users\/1"}],"replies":[{"embeddable":true,"href":"https:\/\/www.lotusfuarcilik.com\/en\/wp-json\/wp\/v2\/comments?post=590"}],"version-history":[{"count":1,"href":"https:\/\/www.lotusfuarcilik.com\/en\/wp-json\/wp\/v2\/pages\/590\/revisions"}],"predecessor-version":[{"id":591,"href":"https:\/\/www.lotusfuarcilik.com\/en\/wp-json\/wp\/v2\/pages\/590\/revisions\/591"}],"wp:attachment":[{"href":"https:\/\/www.lotusfuarcilik.com\/en\/wp-json\/wp\/v2\/media?parent=590"}],"curies":[{"name":"wp","href":"https:\/\/api.w.org\/{rel}","templated":true}]}}