{"id":588,"date":"2025-05-10T09:01:19","date_gmt":"2025-05-10T06:01:19","guid":{"rendered":"http:\/\/www.lotusfuarcilik.com\/?page_id=588"},"modified":"2025-05-10T09:01:19","modified_gmt":"2025-05-10T06:01:19","slug":"misyonumuz","status":"publish","type":"page","link":"https:\/\/www.lotusfuarcilik.com\/en\/misyonumuz\/","title":{"rendered":"Our Mission"},"content":{"rendered":"<p>Our mission is to develop special solutions for each of our customers, to manage fair and event processes with an end-to-end professional understanding and to realize strategic organizations that will increase their brand value. We aim to go beyond customer expectations with projects where every detail is carefully considered.<\/p>\n\n\n\n<p>We aim to provide our participants with a powerful experience, not just a service. We meticulously plan and implement all processes such as pre-fair consultancy, stand design, logistics management, promotional activities and post-fair support. We care about establishing long-term and trust-based relationships with our business partners.<\/p>\n\n\n\n<p>As Lotus Fuarc\u0131l\u0131k, we experience success not only on the last day of the fair, but in all the steps that make that success possible. Helping our clients achieve their goals is our greatest motivation. With this understanding, we continue to leave a lasting mark in the industry and grow together.<\/p>","protected":false},"excerpt":{"rendered":"<p>Misyonumuz; her m\u00fc\u015fterimize \u00f6zel \u00e7\u00f6z\u00fcmler geli\u015ftirerek, fuar ve etkinlik s\u00fcre\u00e7lerini u\u00e7tan uca profesyonel bir anlay\u0131\u015fla y\u00f6netmek ve onlar\u0131n marka de\u011ferini y\u00fckseltecek stratejik organizasyonlar ger\u00e7ekle\u015ftirmektir. Her detay\u0131n \u00f6zenle d\u00fc\u015f\u00fcn\u00fcld\u00fc\u011f\u00fc projelerle, m\u00fc\u015fteri beklentilerinin \u00f6tesine ge\u00e7meyi hedefliyoruz. Kat\u0131l\u0131mc\u0131lar\u0131m\u0131za sadece bir hizmet de\u011fil, g\u00fc\u00e7l\u00fc bir deneyim sunmay\u0131 ama\u00e7l\u0131yoruz. Fuar \u00f6ncesi dan\u0131\u015fmanl\u0131k, stand tasar\u0131m\u0131, lojistik y\u00f6netimi, tan\u0131t\u0131m faaliyetleri ve fuar [&hellip;]<\/p>\n","protected":false},"author":1,"featured_media":0,"parent":0,"menu_order":0,"comment_status":"closed","ping_status":"closed","template":"","meta":{"footnotes":""},"class_list":["post-588","page","type-page","status-publish","hentry"],"yoast_head":"<!-- This site is optimized with the Yoast SEO plugin v27.2 - https:\/\/yoast.com\/product\/yoast-seo-wordpress\/ -->\n<title>Misyonumuz - Lotus Fuarc\u0131l\u0131k<\/title>\n<meta name=\"robots\" content=\"index, follow, max-snippet:-1, max-image-preview:large, max-video-preview:-1\" \/>\n<link rel=\"canonical\" href=\"https:\/\/www.lotusfuarcilik.com\/en\/misyonumuz\/\" \/>\n<meta property=\"og:locale\" content=\"en_US\" \/>\n<meta property=\"og:type\" content=\"article\" \/>\n<meta property=\"og:title\" content=\"Misyonumuz - Lotus Fuarc\u0131l\u0131k\" \/>\n<meta property=\"og:description\" content=\"Misyonumuz; her m\u00fc\u015fterimize \u00f6zel \u00e7\u00f6z\u00fcmler geli\u015ftirerek, fuar ve etkinlik s\u00fcre\u00e7lerini u\u00e7tan uca profesyonel bir anlay\u0131\u015fla y\u00f6netmek ve onlar\u0131n marka de\u011ferini y\u00fckseltecek stratejik organizasyonlar ger\u00e7ekle\u015ftirmektir. Her detay\u0131n \u00f6zenle d\u00fc\u015f\u00fcn\u00fcld\u00fc\u011f\u00fc projelerle, m\u00fc\u015fteri beklentilerinin \u00f6tesine ge\u00e7meyi hedefliyoruz. Kat\u0131l\u0131mc\u0131lar\u0131m\u0131za sadece bir hizmet de\u011fil, g\u00fc\u00e7l\u00fc bir deneyim sunmay\u0131 ama\u00e7l\u0131yoruz. Fuar \u00f6ncesi dan\u0131\u015fmanl\u0131k, stand tasar\u0131m\u0131, lojistik y\u00f6netimi, tan\u0131t\u0131m faaliyetleri ve fuar [&hellip;]\" \/>\n<meta property=\"og:url\" content=\"https:\/\/www.lotusfuarcilik.com\/en\/misyonumuz\/\" \/>\n<meta property=\"og:site_name\" content=\"Lotus Fuarc\u0131l\u0131k\" \/>\n<meta property=\"article:publisher\" content=\"https:\/\/www.instagram.com\/lotusexpo\/\" \/>\n<meta name=\"twitter:card\" content=\"summary_large_image\" \/>\n<meta name=\"twitter:label1\" content=\"Est. reading time\" \/>\n\t<meta name=\"twitter:data1\" content=\"1 minute\" \/>\n<script type=\"application\/ld+json\" class=\"yoast-schema-graph\">{\"@context\":\"https:\/\/schema.org\",\"@graph\":[{\"@type\":\"WebPage\",\"@id\":\"https:\/\/www.lotusfuarcilik.com\/misyonumuz\/\",\"url\":\"https:\/\/www.lotusfuarcilik.com\/misyonumuz\/\",\"name\":\"Misyonumuz - Lotus Fuarc\u0131l\u0131k\",\"isPartOf\":{\"@id\":\"https:\/\/www.lotusfuarcilik.com\/#website\"},\"datePublished\":\"2025-05-10T06:01:19+00:00\",\"breadcrumb\":{\"@id\":\"https:\/\/www.lotusfuarcilik.com\/misyonumuz\/#breadcrumb\"},\"inLanguage\":\"en-US\",\"potentialAction\":[{\"@type\":\"ReadAction\",\"target\":[\"https:\/\/www.lotusfuarcilik.com\/misyonumuz\/\"]}]},{\"@type\":\"BreadcrumbList\",\"@id\":\"https:\/\/www.lotusfuarcilik.com\/misyonumuz\/#breadcrumb\",\"itemListElement\":[{\"@type\":\"ListItem\",\"position\":1,\"name\":\"Anasayfa\",\"item\":\"https:\/\/www.lotusfuarcilik.com\/\"},{\"@type\":\"ListItem\",\"position\":2,\"name\":\"Misyonumuz\"}]},{\"@type\":\"WebSite\",\"@id\":\"https:\/\/www.lotusfuarcilik.com\/#website\",\"url\":\"https:\/\/www.lotusfuarcilik.com\/\",\"name\":\"Lotus Fuarc\u0131l\u0131k\",\"description\":\"Fuar Hizmetleri\",\"publisher\":{\"@id\":\"https:\/\/www.lotusfuarcilik.com\/#organization\"},\"potentialAction\":[{\"@type\":\"SearchAction\",\"target\":{\"@type\":\"EntryPoint\",\"urlTemplate\":\"https:\/\/www.lotusfuarcilik.com\/?s={search_term_string}\"},\"query-input\":{\"@type\":\"PropertyValueSpecification\",\"valueRequired\":true,\"valueName\":\"search_term_string\"}}],\"inLanguage\":\"en-US\"},{\"@type\":\"Organization\",\"@id\":\"https:\/\/www.lotusfuarcilik.com\/#organization\",\"name\":\"Lotus Fuarc\u0131l\u0131k\",\"url\":\"https:\/\/www.lotusfuarcilik.com\/\",\"logo\":{\"@type\":\"ImageObject\",\"inLanguage\":\"en-US\",\"@id\":\"https:\/\/www.lotusfuarcilik.com\/#\/schema\/logo\/image\/\",\"url\":\"https:\/\/www.lotusfuarcilik.com\/wp-content\/uploads\/2025\/05\/cd68cec0-1875-4d27-b80b-878834786b47-1024x1024-1.jpg\",\"contentUrl\":\"https:\/\/www.lotusfuarcilik.com\/wp-content\/uploads\/2025\/05\/cd68cec0-1875-4d27-b80b-878834786b47-1024x1024-1.jpg\",\"width\":1024,\"height\":1024,\"caption\":\"Lotus Fuarc\u0131l\u0131k\"},\"image\":{\"@id\":\"https:\/\/www.lotusfuarcilik.com\/#\/schema\/logo\/image\/\"},\"sameAs\":[\"https:\/\/www.instagram.com\/lotusexpo\/\"]}]}<\/script>\n<!-- \/ Yoast SEO plugin. -->","yoast_head_json":{"title":"Misyonumuz - Lotus Fuarc\u0131l\u0131k","robots":{"index":"index","follow":"follow","max-snippet":"max-snippet:-1","max-image-preview":"max-image-preview:large","max-video-preview":"max-video-preview:-1"},"canonical":"https:\/\/www.lotusfuarcilik.com\/en\/misyonumuz\/","og_locale":"en_US","og_type":"article","og_title":"Misyonumuz - Lotus Fuarc\u0131l\u0131k","og_description":"Misyonumuz; her m\u00fc\u015fterimize \u00f6zel \u00e7\u00f6z\u00fcmler geli\u015ftirerek, fuar ve etkinlik s\u00fcre\u00e7lerini u\u00e7tan uca profesyonel bir anlay\u0131\u015fla y\u00f6netmek ve onlar\u0131n marka de\u011ferini y\u00fckseltecek stratejik organizasyonlar ger\u00e7ekle\u015ftirmektir. Her detay\u0131n \u00f6zenle d\u00fc\u015f\u00fcn\u00fcld\u00fc\u011f\u00fc projelerle, m\u00fc\u015fteri beklentilerinin \u00f6tesine ge\u00e7meyi hedefliyoruz. Kat\u0131l\u0131mc\u0131lar\u0131m\u0131za sadece bir hizmet de\u011fil, g\u00fc\u00e7l\u00fc bir deneyim sunmay\u0131 ama\u00e7l\u0131yoruz. Fuar \u00f6ncesi dan\u0131\u015fmanl\u0131k, stand tasar\u0131m\u0131, lojistik y\u00f6netimi, tan\u0131t\u0131m faaliyetleri ve fuar [&hellip;]","og_url":"https:\/\/www.lotusfuarcilik.com\/en\/misyonumuz\/","og_site_name":"Lotus Fuarc\u0131l\u0131k","article_publisher":"https:\/\/www.instagram.com\/lotusexpo\/","twitter_card":"summary_large_image","twitter_misc":{"Est. reading time":"1 minute"},"schema":{"@context":"https:\/\/schema.org","@graph":[{"@type":"WebPage","@id":"https:\/\/www.lotusfuarcilik.com\/misyonumuz\/","url":"https:\/\/www.lotusfuarcilik.com\/misyonumuz\/","name":"Misyonumuz - Lotus Fuarc\u0131l\u0131k","isPartOf":{"@id":"https:\/\/www.lotusfuarcilik.com\/#website"},"datePublished":"2025-05-10T06:01:19+00:00","breadcrumb":{"@id":"https:\/\/www.lotusfuarcilik.com\/misyonumuz\/#breadcrumb"},"inLanguage":"en-US","potentialAction":[{"@type":"ReadAction","target":["https:\/\/www.lotusfuarcilik.com\/misyonumuz\/"]}]},{"@type":"BreadcrumbList","@id":"https:\/\/www.lotusfuarcilik.com\/misyonumuz\/#breadcrumb","itemListElement":[{"@type":"ListItem","position":1,"name":"Anasayfa","item":"https:\/\/www.lotusfuarcilik.com\/"},{"@type":"ListItem","position":2,"name":"Misyonumuz"}]},{"@type":"WebSite","@id":"https:\/\/www.lotusfuarcilik.com\/#website","url":"https:\/\/www.lotusfuarcilik.com\/","name":"Lotus Fair Organization","description":"Fuar Hizmetleri","publisher":{"@id":"https:\/\/www.lotusfuarcilik.com\/#organization"},"potentialAction":[{"@type":"SearchAction","target":{"@type":"EntryPoint","urlTemplate":"https:\/\/www.lotusfuarcilik.com\/?s={search_term_string}"},"query-input":{"@type":"PropertyValueSpecification","valueRequired":true,"valueName":"search_term_string"}}],"inLanguage":"en-US"},{"@type":"Organization","@id":"https:\/\/www.lotusfuarcilik.com\/#organization","name":"Lotus Fair Organization","url":"https:\/\/www.lotusfuarcilik.com\/","logo":{"@type":"ImageObject","inLanguage":"en-US","@id":"https:\/\/www.lotusfuarcilik.com\/#\/schema\/logo\/image\/","url":"https:\/\/www.lotusfuarcilik.com\/wp-content\/uploads\/2025\/05\/cd68cec0-1875-4d27-b80b-878834786b47-1024x1024-1.jpg","contentUrl":"https:\/\/www.lotusfuarcilik.com\/wp-content\/uploads\/2025\/05\/cd68cec0-1875-4d27-b80b-878834786b47-1024x1024-1.jpg","width":1024,"height":1024,"caption":"Lotus Fuarc\u0131l\u0131k"},"image":{"@id":"https:\/\/www.lotusfuarcilik.com\/#\/schema\/logo\/image\/"},"sameAs":["https:\/\/www.instagram.com\/lotusexpo\/"]}]}},"_links":{"self":[{"href":"https:\/\/www.lotusfuarcilik.com\/en\/wp-json\/wp\/v2\/pages\/588","targetHints":{"allow":["GET"]}}],"collection":[{"href":"https:\/\/www.lotusfuarcilik.com\/en\/wp-json\/wp\/v2\/pages"}],"about":[{"href":"https:\/\/www.lotusfuarcilik.com\/en\/wp-json\/wp\/v2\/types\/page"}],"author":[{"embeddable":true,"href":"https:\/\/www.lotusfuarcilik.com\/en\/wp-json\/wp\/v2\/users\/1"}],"replies":[{"embeddable":true,"href":"https:\/\/www.lotusfuarcilik.com\/en\/wp-json\/wp\/v2\/comments?post=588"}],"version-history":[{"count":1,"href":"https:\/\/www.lotusfuarcilik.com\/en\/wp-json\/wp\/v2\/pages\/588\/revisions"}],"predecessor-version":[{"id":589,"href":"https:\/\/www.lotusfuarcilik.com\/en\/wp-json\/wp\/v2\/pages\/588\/revisions\/589"}],"wp:attachment":[{"href":"https:\/\/www.lotusfuarcilik.com\/en\/wp-json\/wp\/v2\/media?parent=588"}],"curies":[{"name":"wp","href":"https:\/\/api.w.org\/{rel}","templated":true}]}}