{"id":52,"date":"2023-02-03T19:33:07","date_gmt":"2021-02-03T16:33:07","guid":{"rendered":"https:\/\/safirdemo.com\/atolye\/sikca-sorulan-sorular\/"},"modified":"2025-08-09T14:11:56","modified_gmt":"2025-08-09T11:11:56","slug":"sikca-sorulan-sorular","status":"publish","type":"page","link":"https:\/\/www.lotusfuarcilik.com\/en\/sikca-sorulan-sorular\/","title":{"rendered":"Frequently Asked Questions"},"content":{"rendered":"<div class=\"safir-faq wp-block-safirtema-sorucevap\">\n\t<div class=\"question\">\n\t\t<div class=\"openclose\">\n\t\t\t<span class=\"themeicon icon\"><svg class=\"themeicon-plus\"><use href=\"#safiricon-tema--plus\"><\/use><\/svg><\/span><span class=\"themeicon icon\"><svg class=\"themeicon-minus\"><use href=\"#safiricon-tema--minus\"><\/use><\/svg><\/span>\t\t<\/div>\n\t\t<span class=\"text\">How does the exhibition participation process work?<\/span>\n\t<\/div>\n\t<p class=\"answer\">Buraya cevab\u0131n\u0131z\u0131 yaz\u0131n\u0131z.<\/p>\n<\/div>\n\n<div class=\"safir-faq wp-block-safirtema-sorucevap\">\n\t<div class=\"question\">\n\t\t<div class=\"openclose\">\n\t\t\t<span class=\"themeicon icon\"><svg class=\"themeicon-plus\"><use href=\"#safiricon-tema--plus\"><\/use><\/svg><\/span><span class=\"themeicon icon\"><svg class=\"themeicon-minus\"><use href=\"#safiricon-tema--minus\"><\/use><\/svg><\/span>\t\t<\/div>\n\t\t<span class=\"text\">Do you also design and install the stand?<\/span>\n\t<\/div>\n\t<p class=\"answer\">Buraya cevab\u0131n\u0131z\u0131 yaz\u0131n\u0131z.<\/p>\n<\/div>\n\n<div class=\"safir-faq wp-block-safirtema-sorucevap\">\n\t<div class=\"question\">\n\t\t<div class=\"openclose\">\n\t\t\t<span class=\"themeicon icon\"><svg class=\"themeicon-plus\"><use href=\"#safiricon-tema--plus\"><\/use><\/svg><\/span><span class=\"themeicon icon\"><svg class=\"themeicon-minus\"><use href=\"#safiricon-tema--minus\"><\/use><\/svg><\/span>\t\t<\/div>\n\t\t<span class=\"text\">What are your support services after the fair?<\/span>\n\t<\/div>\n\t<p class=\"answer\">Buraya cevab\u0131n\u0131z\u0131 yaz\u0131n\u0131z.<\/p>\n<\/div>\n\n<div class=\"safir-faq wp-block-safirtema-sorucevap\">\n\t<div class=\"question\">\n\t\t<div class=\"openclose\">\n\t\t\t<span class=\"themeicon icon\"><svg class=\"themeicon-plus\"><use href=\"#safiricon-tema--plus\"><\/use><\/svg><\/span><span class=\"themeicon icon\"><svg class=\"themeicon-minus\"><use href=\"#safiricon-tema--minus\"><\/use><\/svg><\/span>\t\t<\/div>\n\t\t<span class=\"text\">What are your payment terms?<\/span>\n\t<\/div>\n\t<p class=\"answer\">Buraya cevab\u0131n\u0131z\u0131 yaz\u0131n\u0131z.<\/p>\n<\/div>\n\n<div class=\"safir-faq wp-block-safirtema-sorucevap\">\n\t<div class=\"question\">\n\t\t<div class=\"openclose\">\n\t\t\t<span class=\"themeicon icon\"><svg class=\"themeicon-plus\"><use href=\"#safiricon-tema--plus\"><\/use><\/svg><\/span><span class=\"themeicon icon\"><svg class=\"themeicon-minus\"><use href=\"#safiricon-tema--minus\"><\/use><\/svg><\/span>\t\t<\/div>\n\t\t<span class=\"text\">Do you provide support for participation in trade fairs abroad?<\/span>\n\t<\/div>\n\t<p class=\"answer\">Buraya cevab\u0131n\u0131z\u0131 yaz\u0131n\u0131z.<\/p>\n<\/div>\n\n<div class=\"safir-faq wp-block-safirtema-sorucevap\">\n\t<div class=\"question\">\n\t\t<div class=\"openclose\">\n\t\t\t<span class=\"themeicon icon\"><svg class=\"themeicon-plus\"><use href=\"#safiricon-tema--plus\"><\/use><\/svg><\/span><span class=\"themeicon icon\"><svg class=\"themeicon-minus\"><use href=\"#safiricon-tema--minus\"><\/use><\/svg><\/span>\t\t<\/div>\n\t\t<span class=\"text\">We are participating in the fair for the first time, where should we start?<\/span>\n\t<\/div>\n\t<p class=\"answer\">Buraya cevab\u0131n\u0131z\u0131 yaz\u0131n\u0131z.<\/p>\n<\/div>","protected":false},"excerpt":{"rendered":"","protected":false},"author":1,"featured_media":0,"parent":0,"menu_order":0,"comment_status":"closed","ping_status":"closed","template":"","meta":{"footnotes":""},"class_list":["post-52","page","type-page","status-publish","hentry"],"yoast_head":"<!-- This site is optimized with the Yoast SEO plugin v27.2 - https:\/\/yoast.com\/product\/yoast-seo-wordpress\/ -->\n<title>S\u0131k\u00e7a Sorulan Sorular - Lotus Fuarc\u0131l\u0131k<\/title>\n<meta name=\"robots\" content=\"index, follow, max-snippet:-1, max-image-preview:large, max-video-preview:-1\" \/>\n<link rel=\"canonical\" href=\"https:\/\/www.lotusfuarcilik.com\/en\/sikca-sorulan-sorular\/\" \/>\n<meta property=\"og:locale\" content=\"en_US\" \/>\n<meta property=\"og:type\" content=\"article\" \/>\n<meta property=\"og:title\" content=\"S\u0131k\u00e7a Sorulan Sorular - Lotus Fuarc\u0131l\u0131k\" \/>\n<meta property=\"og:url\" content=\"https:\/\/www.lotusfuarcilik.com\/en\/sikca-sorulan-sorular\/\" \/>\n<meta property=\"og:site_name\" content=\"Lotus Fuarc\u0131l\u0131k\" \/>\n<meta property=\"article:publisher\" content=\"https:\/\/www.instagram.com\/lotusexpo\/\" \/>\n<meta property=\"article:modified_time\" content=\"2025-08-09T11:11:56+00:00\" \/>\n<meta name=\"twitter:card\" content=\"summary_large_image\" \/>\n<meta name=\"twitter:label1\" content=\"Est. reading time\" \/>\n\t<meta name=\"twitter:data1\" content=\"1 minute\" \/>\n<script type=\"application\/ld+json\" class=\"yoast-schema-graph\">{\"@context\":\"https:\/\/schema.org\",\"@graph\":[{\"@type\":\"WebPage\",\"@id\":\"https:\/\/www.lotusfuarcilik.com\/sikca-sorulan-sorular\/\",\"url\":\"https:\/\/www.lotusfuarcilik.com\/sikca-sorulan-sorular\/\",\"name\":\"S\u0131k\u00e7a Sorulan Sorular - Lotus Fuarc\u0131l\u0131k\",\"isPartOf\":{\"@id\":\"https:\/\/www.lotusfuarcilik.com\/#website\"},\"datePublished\":\"2021-02-03T16:33:07+00:00\",\"dateModified\":\"2025-08-09T11:11:56+00:00\",\"breadcrumb\":{\"@id\":\"https:\/\/www.lotusfuarcilik.com\/sikca-sorulan-sorular\/#breadcrumb\"},\"inLanguage\":\"en-US\",\"potentialAction\":[{\"@type\":\"ReadAction\",\"target\":[\"https:\/\/www.lotusfuarcilik.com\/sikca-sorulan-sorular\/\"]}]},{\"@type\":\"BreadcrumbList\",\"@id\":\"https:\/\/www.lotusfuarcilik.com\/sikca-sorulan-sorular\/#breadcrumb\",\"itemListElement\":[{\"@type\":\"ListItem\",\"position\":1,\"name\":\"Anasayfa\",\"item\":\"https:\/\/www.lotusfuarcilik.com\/\"},{\"@type\":\"ListItem\",\"position\":2,\"name\":\"S\u0131k\u00e7a Sorulan Sorular\"}]},{\"@type\":\"WebSite\",\"@id\":\"https:\/\/www.lotusfuarcilik.com\/#website\",\"url\":\"https:\/\/www.lotusfuarcilik.com\/\",\"name\":\"Lotus Fuarc\u0131l\u0131k\",\"description\":\"Fuar Hizmetleri\",\"publisher\":{\"@id\":\"https:\/\/www.lotusfuarcilik.com\/#organization\"},\"potentialAction\":[{\"@type\":\"SearchAction\",\"target\":{\"@type\":\"EntryPoint\",\"urlTemplate\":\"https:\/\/www.lotusfuarcilik.com\/?s={search_term_string}\"},\"query-input\":{\"@type\":\"PropertyValueSpecification\",\"valueRequired\":true,\"valueName\":\"search_term_string\"}}],\"inLanguage\":\"en-US\"},{\"@type\":\"Organization\",\"@id\":\"https:\/\/www.lotusfuarcilik.com\/#organization\",\"name\":\"Lotus Fuarc\u0131l\u0131k\",\"url\":\"https:\/\/www.lotusfuarcilik.com\/\",\"logo\":{\"@type\":\"ImageObject\",\"inLanguage\":\"en-US\",\"@id\":\"https:\/\/www.lotusfuarcilik.com\/#\/schema\/logo\/image\/\",\"url\":\"https:\/\/www.lotusfuarcilik.com\/wp-content\/uploads\/2025\/05\/cd68cec0-1875-4d27-b80b-878834786b47-1024x1024-1.jpg\",\"contentUrl\":\"https:\/\/www.lotusfuarcilik.com\/wp-content\/uploads\/2025\/05\/cd68cec0-1875-4d27-b80b-878834786b47-1024x1024-1.jpg\",\"width\":1024,\"height\":1024,\"caption\":\"Lotus Fuarc\u0131l\u0131k\"},\"image\":{\"@id\":\"https:\/\/www.lotusfuarcilik.com\/#\/schema\/logo\/image\/\"},\"sameAs\":[\"https:\/\/www.instagram.com\/lotusexpo\/\"]}]}<\/script>\n<!-- \/ Yoast SEO plugin. -->","yoast_head_json":{"title":"S\u0131k\u00e7a Sorulan Sorular - Lotus Fuarc\u0131l\u0131k","robots":{"index":"index","follow":"follow","max-snippet":"max-snippet:-1","max-image-preview":"max-image-preview:large","max-video-preview":"max-video-preview:-1"},"canonical":"https:\/\/www.lotusfuarcilik.com\/en\/sikca-sorulan-sorular\/","og_locale":"en_US","og_type":"article","og_title":"S\u0131k\u00e7a Sorulan Sorular - Lotus Fuarc\u0131l\u0131k","og_url":"https:\/\/www.lotusfuarcilik.com\/en\/sikca-sorulan-sorular\/","og_site_name":"Lotus Fuarc\u0131l\u0131k","article_publisher":"https:\/\/www.instagram.com\/lotusexpo\/","article_modified_time":"2025-08-09T11:11:56+00:00","twitter_card":"summary_large_image","twitter_misc":{"Est. reading time":"1 minute"},"schema":{"@context":"https:\/\/schema.org","@graph":[{"@type":"WebPage","@id":"https:\/\/www.lotusfuarcilik.com\/sikca-sorulan-sorular\/","url":"https:\/\/www.lotusfuarcilik.com\/sikca-sorulan-sorular\/","name":"S\u0131k\u00e7a Sorulan Sorular - Lotus Fuarc\u0131l\u0131k","isPartOf":{"@id":"https:\/\/www.lotusfuarcilik.com\/#website"},"datePublished":"2021-02-03T16:33:07+00:00","dateModified":"2025-08-09T11:11:56+00:00","breadcrumb":{"@id":"https:\/\/www.lotusfuarcilik.com\/sikca-sorulan-sorular\/#breadcrumb"},"inLanguage":"en-US","potentialAction":[{"@type":"ReadAction","target":["https:\/\/www.lotusfuarcilik.com\/sikca-sorulan-sorular\/"]}]},{"@type":"BreadcrumbList","@id":"https:\/\/www.lotusfuarcilik.com\/sikca-sorulan-sorular\/#breadcrumb","itemListElement":[{"@type":"ListItem","position":1,"name":"Anasayfa","item":"https:\/\/www.lotusfuarcilik.com\/"},{"@type":"ListItem","position":2,"name":"S\u0131k\u00e7a Sorulan Sorular"}]},{"@type":"WebSite","@id":"https:\/\/www.lotusfuarcilik.com\/#website","url":"https:\/\/www.lotusfuarcilik.com\/","name":"Lotus Fair Organization","description":"Fuar Hizmetleri","publisher":{"@id":"https:\/\/www.lotusfuarcilik.com\/#organization"},"potentialAction":[{"@type":"SearchAction","target":{"@type":"EntryPoint","urlTemplate":"https:\/\/www.lotusfuarcilik.com\/?s={search_term_string}"},"query-input":{"@type":"PropertyValueSpecification","valueRequired":true,"valueName":"search_term_string"}}],"inLanguage":"en-US"},{"@type":"Organization","@id":"https:\/\/www.lotusfuarcilik.com\/#organization","name":"Lotus Fair Organization","url":"https:\/\/www.lotusfuarcilik.com\/","logo":{"@type":"ImageObject","inLanguage":"en-US","@id":"https:\/\/www.lotusfuarcilik.com\/#\/schema\/logo\/image\/","url":"https:\/\/www.lotusfuarcilik.com\/wp-content\/uploads\/2025\/05\/cd68cec0-1875-4d27-b80b-878834786b47-1024x1024-1.jpg","contentUrl":"https:\/\/www.lotusfuarcilik.com\/wp-content\/uploads\/2025\/05\/cd68cec0-1875-4d27-b80b-878834786b47-1024x1024-1.jpg","width":1024,"height":1024,"caption":"Lotus Fuarc\u0131l\u0131k"},"image":{"@id":"https:\/\/www.lotusfuarcilik.com\/#\/schema\/logo\/image\/"},"sameAs":["https:\/\/www.instagram.com\/lotusexpo\/"]}]}},"_links":{"self":[{"href":"https:\/\/www.lotusfuarcilik.com\/en\/wp-json\/wp\/v2\/pages\/52","targetHints":{"allow":["GET"]}}],"collection":[{"href":"https:\/\/www.lotusfuarcilik.com\/en\/wp-json\/wp\/v2\/pages"}],"about":[{"href":"https:\/\/www.lotusfuarcilik.com\/en\/wp-json\/wp\/v2\/types\/page"}],"author":[{"embeddable":true,"href":"https:\/\/www.lotusfuarcilik.com\/en\/wp-json\/wp\/v2\/users\/1"}],"replies":[{"embeddable":true,"href":"https:\/\/www.lotusfuarcilik.com\/en\/wp-json\/wp\/v2\/comments?post=52"}],"version-history":[{"count":4,"href":"https:\/\/www.lotusfuarcilik.com\/en\/wp-json\/wp\/v2\/pages\/52\/revisions"}],"predecessor-version":[{"id":708,"href":"https:\/\/www.lotusfuarcilik.com\/en\/wp-json\/wp\/v2\/pages\/52\/revisions\/708"}],"wp:attachment":[{"href":"https:\/\/www.lotusfuarcilik.com\/en\/wp-json\/wp\/v2\/media?parent=52"}],"curies":[{"name":"wp","href":"https:\/\/api.w.org\/{rel}","templated":true}]}}